{"id":40,"date":"2022-04-18T16:53:53","date_gmt":"2022-04-18T16:53:53","guid":{"rendered":"https:\/\/chateaudelaberchere.fr\/?page_id=40"},"modified":"2025-11-24T09:42:36","modified_gmt":"2025-11-24T09:42:36","slug":"tourisme","status":"publish","type":"page","link":"https:\/\/chateaudelaberchere.fr\/en\/tourisme\/","title":{"rendered":"Tourism"},"content":{"rendered":"<p>[et_pb_section fb_built=\u00a0\u00bb1&Prime; admin_label=\u00a0\u00bbHeader\u00a0\u00bb _builder_version=\u00a0\u00bb4.24.2&Prime; _module_preset=\u00a0\u00bbdefault\u00a0\u00bb background_enable_color=\u00a0\u00bboff\u00a0\u00bb background_image=\u00a0\u00bbhttps:\/\/chateaudelaberchere.fr\/wp-content\/uploads\/2022\/04\/visuel_tourisme_chateau_berchere-1.jpg\u00a0\u00bb parallax=\u00a0\u00bbon\u00a0\u00bb custom_margin=\u00a0\u00bb|||\u00a0\u00bb custom_padding=\u00a0\u00bb8vw|0px|0|0px|false|false\u00a0\u00bb locked=\u00a0\u00bboff\u00a0\u00bb global_colors_info=\u00a0\u00bb{}\u00a0\u00bb][et_pb_row _builder_version=\u00a0\u00bb4.16&Prime; _module_preset=\u00a0\u00bbdefault\u00a0\u00bb global_colors_info=\u00a0\u00bb{}\u00a0\u00bb][et_pb_column type=\u00a0\u00bb4_4&Prime; _builder_version=\u00a0\u00bb4.16&Prime; _module_preset=\u00a0\u00bbdefault\u00a0\u00bb custom_padding=\u00a0\u00bb|||\u00a0\u00bb global_colors_info=\u00a0\u00bb{}\u00a0\u00bb custom_padding__hover=\u00a0\u00bb|||\u00a0\u00bb][et_pb_text _builder_version=\u00a0\u00bb4.24.2&Prime; _module_preset=\u00a0\u00bbdefault\u00a0\u00bb text_font=\u00a0\u00bb||||||||\u00a0\u00bb header_font=\u00a0\u00bb|700|||||||\u00a0\u00bb header_text_color=\u00a0\u00bb#FFFFFF\u00a0\u00bb header_font_size=\u00a0\u00bb70px\u00a0\u00bb header_line_height=\u00a0\u00bb1.2em\u00a0\u00bb header_5_font=\u00a0\u00bbRaleway|700||on|||||\u00a0\u00bb header_5_text_color=\u00a0\u00bb#000000&Prime; header_5_font_size=\u00a0\u00bb20px\u00a0\u00bb header_5_letter_spacing=\u00a0\u00bb0.5em\u00a0\u00bb header_5_line_height=\u00a0\u00bb1.8em\u00a0\u00bb animation_style=\u00a0\u00bbzoom\u00a0\u00bb animation_intensity_zoom=\u00a0\u00bb5%\u00a0\u00bb header_font_size_tablet=\u00a0\u00bb48px\u00a0\u00bb header_font_size_phone=\u00a0\u00bb32px\u00a0\u00bb header_font_size_last_edited=\u00a0\u00bbon|phone\u00a0\u00bb header_5_font_size_tablet=\u00a0\u00bb14px\u00a0\u00bb header_5_font_size_phone=\u00a0\u00bb12px\u00a0\u00bb header_5_font_size_last_edited=\u00a0\u00bbon|desktop\u00a0\u00bb global_colors_info=\u00a0\u00bb{}\u00a0\u00bb]<\/p>\n<h1>Tourisme<\/h1>\n<p>&nbsp;<\/p>\n<p>&nbsp;<\/p>\n<p>[\/et_pb_text][\/et_pb_column][\/et_pb_row][\/et_pb_section][et_pb_section fb_built=\u00a0\u00bb1&Prime; _builder_version=\u00a0\u00bb4.24.2&Prime; _module_preset=\u00a0\u00bbdefault\u00a0\u00bb background_color=\u00a0\u00bb#E3E1DF\u00a0\u00bb custom_padding=\u00a0\u00bb||6px|||\u00a0\u00bb global_colors_info=\u00a0\u00bb{}\u00a0\u00bb][et_pb_row column_structure=\u00a0\u00bb2_5,3_5&Prime; _builder_version=\u00a0\u00bb4.24.2&Prime; _module_preset=\u00a0\u00bbdefault\u00a0\u00bb global_colors_info=\u00a0\u00bb{}\u00a0\u00bb][et_pb_column type=\u00a0\u00bb2_5&Prime; _builder_version=\u00a0\u00bb4.17.3&Prime; _module_preset=\u00a0\u00bbdefault\u00a0\u00bb global_colors_info=\u00a0\u00bb{}\u00a0\u00bb][et_pb_text _builder_version=\u00a0\u00bb4.24.2&Prime; _module_preset=\u00a0\u00bbdefault\u00a0\u00bb text_font_size=\u00a0\u00bb18px\u00a0\u00bb header_2_font=\u00a0\u00bb|700|||||||\u00a0\u00bb header_2_font_size=\u00a0\u00bb38px\u00a0\u00bb custom_margin=\u00a0\u00bb-2px|||||\u00a0\u00bb custom_padding=\u00a0\u00bb32px||1px|||\u00a0\u00bb animation_style=\u00a0\u00bbslide\u00a0\u00bb animation_direction=\u00a0\u00bbtop\u00a0\u00bb animation_intensity_slide=\u00a0\u00bb3%\u00a0\u00bb global_colors_info=\u00a0\u00bb{}\u00a0\u00bb]<\/p>\n<h2>Le c\u00e9l\u00e8bre vignoble Bourguignon<\/h2>\n<p><span style=\"font-weight: 400;\">D\u00e9couvrez \u00e9galement les villages des hautes c\u00f4tes et venez d\u00e9guster de nombreux produits r\u00e9gionaux que nous vous proposons au petit d\u00e9jeuner, au brunch ou le soir sous forme de planche.<\/span><\/p>\n<p>[\/et_pb_text][\/et_pb_column][et_pb_column type=\u00a0\u00bb3_5&Prime; _builder_version=\u00a0\u00bb4.17.3&Prime; _module_preset=\u00a0\u00bbdefault\u00a0\u00bb global_colors_info=\u00a0\u00bb{}\u00a0\u00bb][et_pb_image src=\u00a0\u00bbhttps:\/\/chateaudelaberchere.fr\/wp-content\/uploads\/2024\/05\/IMG_2348-1.jpg\u00a0\u00bb alt=\u00a0\u00bbH\u00f4tel Ch\u00e2teau La Berch\u00e8re\u00a0\u00bb title_text=\u00a0\u00bbIMG_2348 (1)\u00a0\u00bb _builder_version=\u00a0\u00bb4.24.2&Prime; _module_preset=\u00a0\u00bbdefault\u00a0\u00bb animation_style=\u00a0\u00bbfade\u00a0\u00bb global_colors_info=\u00a0\u00bb{}\u00a0\u00bb][\/et_pb_image][\/et_pb_column][\/et_pb_row][et_pb_row _builder_version=\u00a0\u00bb4.24.2&Prime; _module_preset=\u00a0\u00bbdefault\u00a0\u00bb global_colors_info=\u00a0\u00bb{}\u00a0\u00bb][et_pb_column type=\u00a0\u00bb4_4&Prime; _builder_version=\u00a0\u00bb4.17.3&Prime; _module_preset=\u00a0\u00bbdefault\u00a0\u00bb global_colors_info=\u00a0\u00bb{}\u00a0\u00bb][et_pb_text _builder_version=\u00a0\u00bb4.27.4&Prime; _module_preset=\u00a0\u00bbdefault\u00a0\u00bb text_font_size=\u00a0\u00bb18px\u00a0\u00bb custom_margin=\u00a0\u00bb-30px|||||\u00a0\u00bb animation_style=\u00a0\u00bbslide\u00a0\u00bb animation_direction=\u00a0\u00bbtop\u00a0\u00bb animation_intensity_slide=\u00a0\u00bb3%\u00a0\u00bb hover_enabled=\u00a0\u00bb0&Prime; global_colors_info=\u00a0\u00bb{}\u00a0\u00bb sticky_enabled=\u00a0\u00bb0&Prime;]<\/p>\n<p>&nbsp;<\/p>\n<p>L\u2019 abbaye de Citeaux toute proche, fond\u00e9e en 1098 est le berceau de l\u2019Ordre cistercien. Vous pourrez visiter son \u00e9glise et ses b\u00e2timents m\u00e9di\u00e9vaux, sa boutique o\u00f9 se vend l\u2019excellent fromage fabriqu\u00e9 par les moines.<\/p>\n<p>Lors de votre s\u00e9jour, nous serons \u00e0 votre disposition pour vous informer d\u2019autres lieux et \u00e9v\u00e9nements culturels susceptibles de vous int\u00e9resser. <span style=\"font-weight: 400;\">Laissez-nous vous guider dans notre magnifique r\u00e9gion \u00e0 la d\u00e9couverte d\u2019un terroir et d\u2019une histoire hors du commun. Nous pourrons vous guider dans le choix de vos restaurants.<\/span><\/p>\n<p><span style=\"font-weight: 400;\"><\/span><\/p>\n<div>Partez \u00e0 la d\u00e9couverte des Climats Bourguignon \u00e0 bord d\u2019un v\u00e9lo \u00e0 assistance \u00e9lectrique ou d\u2019un Solex, gr\u00e2ce \u00e0 notre partenaire<span>\u00a0<\/span><strong>La Solexerie<\/strong>, situ\u00e9e \u00e0 Nuits-Saint-Georges. Que vous souhaitiez une balade tranquille au c\u0153ur des vignobles, une escapade gourmande ou une immersion dans le patrimoine bourguignon, La Solexerie vous propose une exp\u00e9rience authentique, ludique et accessible \u00e0 tous. Profitez d\u2019un moment unique alliant libert\u00e9, d\u00e9couverte et plaisir, au rythme de la Bourgogne.<\/div>\n<div><span style=\"color: #ff0000;\"><a href=\"https:\/\/chateaudelaberchere.fr\/contact\" style=\"color: #ff0000;\">Contactez-nous pour plus de renseignements<\/a><\/span><\/div>\n<div><\/div>\n<p>[\/et_pb_text][\/et_pb_column][\/et_pb_row][\/et_pb_section][et_pb_section fb_built=\u00a0\u00bb1&Prime; _builder_version=\u00a0\u00bb4.17.3&Prime; _module_preset=\u00a0\u00bbdefault\u00a0\u00bb background_color=\u00a0\u00bb#E3E1DF\u00a0\u00bb custom_padding=\u00a0\u00bb9px||0px|||\u00a0\u00bb global_colors_info=\u00a0\u00bb{}\u00a0\u00bb][\/et_pb_section]<\/p>\n","protected":false},"excerpt":{"rendered":"<p>Tourisme &nbsp; &nbsp;Le c\u00e9l\u00e8bre vignoble Bourguignon D\u00e9couvrez \u00e9galement les villages des hautes c\u00f4tes et venez d\u00e9guster de nombreux produits r\u00e9gionaux que nous vous proposons au petit d\u00e9jeuner, au brunch ou le soir sous forme de planche.&nbsp; L\u2019 abbaye de Citeaux toute proche, fond\u00e9e en 1098 est le berceau de l\u2019Ordre cistercien. Vous pourrez visiter son [&hellip;]<\/p>\n","protected":false},"author":1,"featured_media":0,"parent":0,"menu_order":0,"comment_status":"closed","ping_status":"closed","template":"","meta":{"_et_pb_use_builder":"on","_et_pb_old_content":"","_et_gb_content_width":"","footnotes":""},"class_list":["post-40","page","type-page","status-publish","hentry"],"yoast_head":"<!-- This site is optimized with the Yoast SEO plugin v27.3 - https:\/\/yoast.com\/product\/yoast-seo-wordpress\/ -->\n<title>Tourisme - H\u00f4tel Ch\u00e2teau LA BERCHERE<\/title>\n<meta name=\"description\" content=\"Vous pourrez parcourir notre c\u00e9l\u00e8bre vignoble Bourguignon et visiter les Domaines viticoles. Pr\u00e8s de Vosne Roman\u00e9e, Nuits Saint Georges,...\" \/>\n<meta name=\"robots\" content=\"index, follow, max-snippet:-1, max-image-preview:large, max-video-preview:-1\" \/>\n<link rel=\"canonical\" href=\"https:\/\/chateaudelaberchere.fr\/en\/tourisme\/\" \/>\n<meta property=\"og:locale\" content=\"en_GB\" \/>\n<meta property=\"og:type\" content=\"article\" \/>\n<meta property=\"og:title\" content=\"Tourisme - H\u00f4tel Ch\u00e2teau LA BERCHERE\" \/>\n<meta property=\"og:description\" content=\"Vous pourrez parcourir notre c\u00e9l\u00e8bre vignoble Bourguignon et visiter les Domaines viticoles. Pr\u00e8s de Vosne Roman\u00e9e, Nuits Saint Georges,...\" \/>\n<meta property=\"og:url\" content=\"https:\/\/chateaudelaberchere.fr\/en\/tourisme\/\" \/>\n<meta property=\"og:site_name\" content=\"LA BERCHERE\" \/>\n<meta property=\"article:publisher\" content=\"https:\/\/www.facebook.com\/hotellaberchere.berchere\" \/>\n<meta property=\"article:modified_time\" content=\"2025-11-24T09:42:36+00:00\" \/>\n<meta property=\"og:image\" content=\"https:\/\/chateaudelaberchere.fr\/wp-content\/uploads\/2022\/04\/828490733-2.jpg\" \/>\n\t<meta property=\"og:image:width\" content=\"491\" \/>\n\t<meta property=\"og:image:height\" content=\"368\" \/>\n\t<meta property=\"og:image:type\" content=\"image\/jpeg\" \/>\n<meta name=\"twitter:card\" content=\"summary_large_image\" \/>\n<meta name=\"twitter:label1\" content=\"Estimated reading time\" \/>\n\t<meta name=\"twitter:data1\" content=\"2 minutes\" \/>\n<script type=\"application\/ld+json\" class=\"yoast-schema-graph\">{\"@context\":\"https:\\\/\\\/schema.org\",\"@graph\":[{\"@type\":\"WebPage\",\"@id\":\"https:\\\/\\\/chateaudelaberchere.fr\\\/tourisme\\\/\",\"url\":\"https:\\\/\\\/chateaudelaberchere.fr\\\/tourisme\\\/\",\"name\":\"Tourisme - H\u00f4tel Ch\u00e2teau LA BERCHERE\",\"isPartOf\":{\"@id\":\"https:\\\/\\\/chateaudelaberchere.fr\\\/#website\"},\"datePublished\":\"2022-04-18T16:53:53+00:00\",\"dateModified\":\"2025-11-24T09:42:36+00:00\",\"description\":\"Vous pourrez parcourir notre c\u00e9l\u00e8bre vignoble Bourguignon et visiter les Domaines viticoles. Pr\u00e8s de Vosne Roman\u00e9e, Nuits Saint Georges,...\",\"breadcrumb\":{\"@id\":\"https:\\\/\\\/chateaudelaberchere.fr\\\/tourisme\\\/#breadcrumb\"},\"inLanguage\":\"en-GB\",\"potentialAction\":[{\"@type\":\"ReadAction\",\"target\":[\"https:\\\/\\\/chateaudelaberchere.fr\\\/tourisme\\\/\"]}]},{\"@type\":\"BreadcrumbList\",\"@id\":\"https:\\\/\\\/chateaudelaberchere.fr\\\/tourisme\\\/#breadcrumb\",\"itemListElement\":[{\"@type\":\"ListItem\",\"position\":1,\"name\":\"Accueil\",\"item\":\"https:\\\/\\\/chateaudelaberchere.fr\\\/\"},{\"@type\":\"ListItem\",\"position\":2,\"name\":\"Tourisme\"}]},{\"@type\":\"WebSite\",\"@id\":\"https:\\\/\\\/chateaudelaberchere.fr\\\/#website\",\"url\":\"https:\\\/\\\/chateaudelaberchere.fr\\\/\",\"name\":\"LA BERCHERE\",\"description\":\"\",\"publisher\":{\"@id\":\"https:\\\/\\\/chateaudelaberchere.fr\\\/#organization\"},\"potentialAction\":[{\"@type\":\"SearchAction\",\"target\":{\"@type\":\"EntryPoint\",\"urlTemplate\":\"https:\\\/\\\/chateaudelaberchere.fr\\\/?s={search_term_string}\"},\"query-input\":{\"@type\":\"PropertyValueSpecification\",\"valueRequired\":true,\"valueName\":\"search_term_string\"}}],\"inLanguage\":\"en-GB\"},{\"@type\":\"Organization\",\"@id\":\"https:\\\/\\\/chateaudelaberchere.fr\\\/#organization\",\"name\":\"CHATEAU DE LA BERCHERE\",\"url\":\"https:\\\/\\\/chateaudelaberchere.fr\\\/\",\"logo\":{\"@type\":\"ImageObject\",\"inLanguage\":\"en-GB\",\"@id\":\"https:\\\/\\\/chateaudelaberchere.fr\\\/#\\\/schema\\\/logo\\\/image\\\/\",\"url\":\"https:\\\/\\\/chateaudelaberchere.fr\\\/wp-content\\\/uploads\\\/2022\\\/05\\\/HB-logoFinal11.jpg\",\"contentUrl\":\"https:\\\/\\\/chateaudelaberchere.fr\\\/wp-content\\\/uploads\\\/2022\\\/05\\\/HB-logoFinal11.jpg\",\"width\":499,\"height\":353,\"caption\":\"CHATEAU DE LA BERCHERE\"},\"image\":{\"@id\":\"https:\\\/\\\/chateaudelaberchere.fr\\\/#\\\/schema\\\/logo\\\/image\\\/\"},\"sameAs\":[\"https:\\\/\\\/www.facebook.com\\\/hotellaberchere.berchere\"]}]}<\/script>\n<!-- \/ Yoast SEO plugin. -->","yoast_head_json":{"title":"Tourisme - H\u00f4tel Ch\u00e2teau LA BERCHERE","description":"Vous pourrez parcourir notre c\u00e9l\u00e8bre vignoble Bourguignon et visiter les Domaines viticoles. Pr\u00e8s de Vosne Roman\u00e9e, Nuits Saint Georges,...","robots":{"index":"index","follow":"follow","max-snippet":"max-snippet:-1","max-image-preview":"max-image-preview:large","max-video-preview":"max-video-preview:-1"},"canonical":"https:\/\/chateaudelaberchere.fr\/en\/tourisme\/","og_locale":"en_GB","og_type":"article","og_title":"Tourisme - H\u00f4tel Ch\u00e2teau LA BERCHERE","og_description":"Vous pourrez parcourir notre c\u00e9l\u00e8bre vignoble Bourguignon et visiter les Domaines viticoles. Pr\u00e8s de Vosne Roman\u00e9e, Nuits Saint Georges,...","og_url":"https:\/\/chateaudelaberchere.fr\/en\/tourisme\/","og_site_name":"LA BERCHERE","article_publisher":"https:\/\/www.facebook.com\/hotellaberchere.berchere","article_modified_time":"2025-11-24T09:42:36+00:00","og_image":[{"width":491,"height":368,"url":"https:\/\/chateaudelaberchere.fr\/wp-content\/uploads\/2022\/04\/828490733-2.jpg","type":"image\/jpeg"}],"twitter_card":"summary_large_image","twitter_misc":{"Estimated reading time":"2 minutes"},"schema":{"@context":"https:\/\/schema.org","@graph":[{"@type":"WebPage","@id":"https:\/\/chateaudelaberchere.fr\/tourisme\/","url":"https:\/\/chateaudelaberchere.fr\/tourisme\/","name":"Tourisme - H\u00f4tel Ch\u00e2teau LA BERCHERE","isPartOf":{"@id":"https:\/\/chateaudelaberchere.fr\/#website"},"datePublished":"2022-04-18T16:53:53+00:00","dateModified":"2025-11-24T09:42:36+00:00","description":"Vous pourrez parcourir notre c\u00e9l\u00e8bre vignoble Bourguignon et visiter les Domaines viticoles. Pr\u00e8s de Vosne Roman\u00e9e, Nuits Saint Georges,...","breadcrumb":{"@id":"https:\/\/chateaudelaberchere.fr\/tourisme\/#breadcrumb"},"inLanguage":"en-GB","potentialAction":[{"@type":"ReadAction","target":["https:\/\/chateaudelaberchere.fr\/tourisme\/"]}]},{"@type":"BreadcrumbList","@id":"https:\/\/chateaudelaberchere.fr\/tourisme\/#breadcrumb","itemListElement":[{"@type":"ListItem","position":1,"name":"Accueil","item":"https:\/\/chateaudelaberchere.fr\/"},{"@type":"ListItem","position":2,"name":"Tourisme"}]},{"@type":"WebSite","@id":"https:\/\/chateaudelaberchere.fr\/#website","url":"https:\/\/chateaudelaberchere.fr\/","name":"LA BERCHERE","description":"","publisher":{"@id":"https:\/\/chateaudelaberchere.fr\/#organization"},"potentialAction":[{"@type":"SearchAction","target":{"@type":"EntryPoint","urlTemplate":"https:\/\/chateaudelaberchere.fr\/?s={search_term_string}"},"query-input":{"@type":"PropertyValueSpecification","valueRequired":true,"valueName":"search_term_string"}}],"inLanguage":"en-GB"},{"@type":"Organization","@id":"https:\/\/chateaudelaberchere.fr\/#organization","name":"CHATEAU DE LA BERCHERE","url":"https:\/\/chateaudelaberchere.fr\/","logo":{"@type":"ImageObject","inLanguage":"en-GB","@id":"https:\/\/chateaudelaberchere.fr\/#\/schema\/logo\/image\/","url":"https:\/\/chateaudelaberchere.fr\/wp-content\/uploads\/2022\/05\/HB-logoFinal11.jpg","contentUrl":"https:\/\/chateaudelaberchere.fr\/wp-content\/uploads\/2022\/05\/HB-logoFinal11.jpg","width":499,"height":353,"caption":"CHATEAU DE LA BERCHERE"},"image":{"@id":"https:\/\/chateaudelaberchere.fr\/#\/schema\/logo\/image\/"},"sameAs":["https:\/\/www.facebook.com\/hotellaberchere.berchere"]}]}},"_links":{"self":[{"href":"https:\/\/chateaudelaberchere.fr\/en\/wp-json\/wp\/v2\/pages\/40","targetHints":{"allow":["GET"]}}],"collection":[{"href":"https:\/\/chateaudelaberchere.fr\/en\/wp-json\/wp\/v2\/pages"}],"about":[{"href":"https:\/\/chateaudelaberchere.fr\/en\/wp-json\/wp\/v2\/types\/page"}],"author":[{"embeddable":true,"href":"https:\/\/chateaudelaberchere.fr\/en\/wp-json\/wp\/v2\/users\/1"}],"replies":[{"embeddable":true,"href":"https:\/\/chateaudelaberchere.fr\/en\/wp-json\/wp\/v2\/comments?post=40"}],"version-history":[{"count":1,"href":"https:\/\/chateaudelaberchere.fr\/en\/wp-json\/wp\/v2\/pages\/40\/revisions"}],"predecessor-version":[{"id":1071,"href":"https:\/\/chateaudelaberchere.fr\/en\/wp-json\/wp\/v2\/pages\/40\/revisions\/1071"}],"wp:attachment":[{"href":"https:\/\/chateaudelaberchere.fr\/en\/wp-json\/wp\/v2\/media?parent=40"}],"curies":[{"name":"wp","href":"https:\/\/api.w.org\/{rel}","templated":true}]}}