{"id":46,"date":"2022-04-18T16:56:07","date_gmt":"2022-04-18T16:56:07","guid":{"rendered":"https:\/\/chateaudelaberchere.fr\/?page_id=46"},"modified":"2024-05-03T13:39:48","modified_gmt":"2024-05-03T13:39:48","slug":"histoire","status":"publish","type":"page","link":"https:\/\/chateaudelaberchere.fr\/en\/histoire\/","title":{"rendered":"History"},"content":{"rendered":"<p>[et_pb_section fb_built=\u00a0\u00bb1&Prime; admin_label=\u00a0\u00bbHeader\u00a0\u00bb _builder_version=\u00a0\u00bb4.24.2&Prime; _module_preset=\u00a0\u00bbdefault\u00a0\u00bb background_enable_color=\u00a0\u00bboff\u00a0\u00bb background_image=\u00a0\u00bbhttps:\/\/chateaudelaberchere.fr\/wp-content\/uploads\/2022\/04\/Chateau-de-la-Berchere-4.jpg\u00a0\u00bb parallax=\u00a0\u00bbon\u00a0\u00bb custom_margin=\u00a0\u00bb|||\u00a0\u00bb custom_padding=\u00a0\u00bb8vw|0px|0|0px|false|false\u00a0\u00bb locked=\u00a0\u00bboff\u00a0\u00bb global_colors_info=\u00a0\u00bb{}\u00a0\u00bb][et_pb_row _builder_version=\u00a0\u00bb4.16&Prime; _module_preset=\u00a0\u00bbdefault\u00a0\u00bb global_colors_info=\u00a0\u00bb{}\u00a0\u00bb][et_pb_column type=\u00a0\u00bb4_4&Prime; _builder_version=\u00a0\u00bb4.16&Prime; _module_preset=\u00a0\u00bbdefault\u00a0\u00bb custom_padding=\u00a0\u00bb|||\u00a0\u00bb global_colors_info=\u00a0\u00bb{}\u00a0\u00bb custom_padding__hover=\u00a0\u00bb|||\u00a0\u00bb][et_pb_text _builder_version=\u00a0\u00bb4.24.2&Prime; _module_preset=\u00a0\u00bbdefault\u00a0\u00bb text_font=\u00a0\u00bb||||||||\u00a0\u00bb header_font=\u00a0\u00bb|700|||||||\u00a0\u00bb header_text_color=\u00a0\u00bb#FFFFFF\u00a0\u00bb header_font_size=\u00a0\u00bb70px\u00a0\u00bb header_line_height=\u00a0\u00bb1.2em\u00a0\u00bb header_5_font=\u00a0\u00bbRaleway|700||on|||||\u00a0\u00bb header_5_text_color=\u00a0\u00bb#000000&Prime; header_5_font_size=\u00a0\u00bb20px\u00a0\u00bb header_5_letter_spacing=\u00a0\u00bb0.5em\u00a0\u00bb header_5_line_height=\u00a0\u00bb1.8em\u00a0\u00bb animation_style=\u00a0\u00bbzoom\u00a0\u00bb animation_intensity_zoom=\u00a0\u00bb5%\u00a0\u00bb header_font_size_tablet=\u00a0\u00bb48px\u00a0\u00bb header_font_size_phone=\u00a0\u00bb32px\u00a0\u00bb header_font_size_last_edited=\u00a0\u00bbon|phone\u00a0\u00bb header_5_font_size_tablet=\u00a0\u00bb14px\u00a0\u00bb header_5_font_size_phone=\u00a0\u00bb12px\u00a0\u00bb header_5_font_size_last_edited=\u00a0\u00bbon|desktop\u00a0\u00bb global_colors_info=\u00a0\u00bb{}\u00a0\u00bb]<\/p>\n<h1>Histoire<\/h1>\n<p>&nbsp;<\/p>\n<p>&nbsp;<\/p>\n<p>[\/et_pb_text][\/et_pb_column][\/et_pb_row][\/et_pb_section][et_pb_section fb_built=\u00a0\u00bb1&Prime; admin_label=\u00a0\u00bbHistory\u00a0\u00bb _builder_version=\u00a0\u00bb4.17.3&Prime; _module_preset=\u00a0\u00bbdefault\u00a0\u00bb background_color=\u00a0\u00bb#E3E1DF\u00a0\u00bb global_colors_info=\u00a0\u00bb{}\u00a0\u00bb][et_pb_row _builder_version=\u00a0\u00bb4.16&Prime; _module_preset=\u00a0\u00bbdefault\u00a0\u00bb locked=\u00a0\u00bboff\u00a0\u00bb global_colors_info=\u00a0\u00bb{}\u00a0\u00bb][et_pb_column type=\u00a0\u00bb4_4&Prime; _builder_version=\u00a0\u00bb4.16&Prime; _module_preset=\u00a0\u00bbdefault\u00a0\u00bb custom_padding=\u00a0\u00bb|||\u00a0\u00bb global_colors_info=\u00a0\u00bb{}\u00a0\u00bb custom_padding__hover=\u00a0\u00bb|||\u00a0\u00bb][et_pb_text _builder_version=\u00a0\u00bb4.17.4&Prime; _module_preset=\u00a0\u00bbdefault\u00a0\u00bb text_font=\u00a0\u00bb|700|||||||\u00a0\u00bb text_font_size=\u00a0\u00bb24px\u00a0\u00bb text_line_height=\u00a0\u00bb1.6em\u00a0\u00bb header_font=\u00a0\u00bb||||||||\u00a0\u00bb header_2_font=\u00a0\u00bb|700|||||||\u00a0\u00bb header_2_font_size=\u00a0\u00bb44px\u00a0\u00bb header_2_line_height=\u00a0\u00bb1.2em\u00a0\u00bb header_6_font=\u00a0\u00bbRaleway|700||on|||||\u00a0\u00bb header_6_font_size=\u00a0\u00bb16px\u00a0\u00bb header_6_letter_spacing=\u00a0\u00bb5px\u00a0\u00bb header_6_line_height=\u00a0\u00bb1.8em\u00a0\u00bb text_orientation=\u00a0\u00bbcenter\u00a0\u00bb max_width=\u00a0\u00bb700px\u00a0\u00bb module_alignment=\u00a0\u00bbcenter\u00a0\u00bb custom_padding=\u00a0\u00bb||0px|||\u00a0\u00bb animation_style=\u00a0\u00bbslide\u00a0\u00bb animation_direction=\u00a0\u00bbtop\u00a0\u00bb animation_intensity_slide=\u00a0\u00bb3%\u00a0\u00bb header_2_font_size_tablet=\u00a0\u00bb35px\u00a0\u00bb header_2_font_size_phone=\u00a0\u00bb25px\u00a0\u00bb header_2_font_size_last_edited=\u00a0\u00bbon|phone\u00a0\u00bb global_colors_info=\u00a0\u00bb{}\u00a0\u00bb]<\/p>\n<h2><span>Cinq si\u00e8cles<br \/><\/span><\/h2>\n<p><span>Le ch\u00e2teau de la Berch\u00e8re est le reflet de l&rsquo;histoire de France et de la Bourgogne<\/span><\/p>\n<p>[\/et_pb_text][\/et_pb_column][\/et_pb_row][et_pb_row _builder_version=\u00a0\u00bb4.17.3&Prime; _module_preset=\u00a0\u00bbdefault\u00a0\u00bb custom_margin=\u00a0\u00bb-65px|auto||auto||\u00a0\u00bb global_colors_info=\u00a0\u00bb{}\u00a0\u00bb][et_pb_column type=\u00a0\u00bb4_4&Prime; _builder_version=\u00a0\u00bb4.17.3&Prime; _module_preset=\u00a0\u00bbdefault\u00a0\u00bb global_colors_info=\u00a0\u00bb{}\u00a0\u00bb][et_pb_image src=\u00a0\u00bbhttps:\/\/chateaudelaberchere.fr\/wp-content\/uploads\/2022\/04\/639111177-1.jpg\u00a0\u00bb alt=\u00a0\u00bbch\u00e2teau la Berch\u00e8re\u00a0\u00bb title_text=\u00a0\u00bb639111177&Prime; align=\u00a0\u00bbcenter\u00a0\u00bb _builder_version=\u00a0\u00bb4.24.2&Prime; _module_preset=\u00a0\u00bbdefault\u00a0\u00bb custom_margin=\u00a0\u00bb25px||55px|||\u00a0\u00bb custom_padding=\u00a0\u00bb0px|||||\u00a0\u00bb animation_style=\u00a0\u00bbfade\u00a0\u00bb global_colors_info=\u00a0\u00bb{}\u00a0\u00bb][\/et_pb_image][\/et_pb_column][\/et_pb_row][\/et_pb_section][et_pb_section fb_built=\u00a0\u00bb1&Prime; _builder_version=\u00a0\u00bb4.17.3&Prime; _module_preset=\u00a0\u00bbdefault\u00a0\u00bb background_color=\u00a0\u00bb#E3E1DF\u00a0\u00bb custom_margin=\u00a0\u00bb-56px|||||\u00a0\u00bb custom_padding=\u00a0\u00bb0px|||||\u00a0\u00bb global_colors_info=\u00a0\u00bb{}\u00a0\u00bb][et_pb_row column_structure=\u00a0\u00bb1_2,1_2&Prime; _builder_version=\u00a0\u00bb4.17.3&Prime; _module_preset=\u00a0\u00bbdefault\u00a0\u00bb custom_padding=\u00a0\u00bb5px|||||\u00a0\u00bb global_colors_info=\u00a0\u00bb{}\u00a0\u00bb][et_pb_column type=\u00a0\u00bb1_2&Prime; _builder_version=\u00a0\u00bb4.17.3&Prime; _module_preset=\u00a0\u00bbdefault\u00a0\u00bb global_colors_info=\u00a0\u00bb{}\u00a0\u00bb][et_pb_text _builder_version=\u00a0\u00bb4.17.4&Prime; _module_preset=\u00a0\u00bbdefault\u00a0\u00bb text_font=\u00a0\u00bb||||||||\u00a0\u00bb text_font_size=\u00a0\u00bb18px\u00a0\u00bb header_2_font=\u00a0\u00bb|700|||||||\u00a0\u00bb header_2_font_size=\u00a0\u00bb33px\u00a0\u00bb animation_style=\u00a0\u00bbslide\u00a0\u00bb animation_direction=\u00a0\u00bbtop\u00a0\u00bb animation_intensity_slide=\u00a0\u00bb3%\u00a0\u00bb global_colors_info=\u00a0\u00bb{}\u00a0\u00bb]<\/p>\n<h2>Reflet de l&rsquo;Histoire de France<\/h2>\n<p>Le ch\u00e2teau de la Berch\u00e8re est le reflet de l&rsquo;histoire de France.<\/p>\n<p>Construit en fortification contre les invasions m\u00e9di\u00e9vales, il fut acquis et richement ornement\u00e9 aux XVI\u00e8me et XVII\u00e8me si\u00e8cles, suivant ainsi l&rsquo;influence des ducs de Bourgogne.<\/p>\n<h2><\/h2>\n<h2><\/h2>\n<h2>Son \u00e9volution<\/h2>\n<p>Il fut acquis en 1463 par Jean Le Goux, originaire de Nuits-Saint-Georges, qui fut anobli par Charles le T\u00e9m\u00e9raire, duc de Bourgogne, et ajouta \u00ab de la Berch\u00e8re \u00bb \u00e0 son nom. La famille se distingua dans la magistrature et au Parlement de Bourgogne. Le ch\u00e2teau fut richement ornement\u00e9 aux 16e et 17e si\u00e8cles.<\/p>\n<p>En d\u00e9cembre 1738, la propri\u00e9t\u00e9 est reprise par la famille Joly de Bevy.<\/p>\n<p>A la fin du XVIII\u00e8me si\u00e8cle, il subit la r\u00e9volution et fut vendu comme bien national.<\/p>\n<p>Au d\u00e9but du XIX\u00e8me si\u00e8cle, la famille Joly de Bevy r\u00e9ussit \u00e0 se r\u00e9approprier la propri\u00e9t\u00e9 en partie, mais le ch\u00e2teau subit beaucoup d\u2019\u00e9preuves par la suite.<\/p>\n<p>Il fut le th\u00e9\u00e2tre d&rsquo;un \u00e9pisode de la bataille de 1870.<\/p>\n<p>Le ch\u00e2teau subit de nouveaux dommages caus\u00e9s par l\u2019occupant allemand de la seconde guerre mondiale, suivie de la r\u00e9quisition pour loger troupes fran\u00e7aises et am\u00e9ricaines \u00e0 la Lib\u00e9ration.<\/p>\n<p>[\/et_pb_text][\/et_pb_column][et_pb_column type=\u00a0\u00bb1_2&Prime; _builder_version=\u00a0\u00bb4.17.3&Prime; _module_preset=\u00a0\u00bbdefault\u00a0\u00bb global_colors_info=\u00a0\u00bb{}\u00a0\u00bb][et_pb_image src=\u00a0\u00bbhttps:\/\/chateaudelaberchere.fr\/wp-content\/uploads\/2022\/04\/plaque_berchere_histoire.jpg\u00a0\u00bb alt=\u00a0\u00bbplaque berchere histoire\u00a0\u00bb title_text=\u00a0\u00bbplaque_berchere_histoire\u00a0\u00bb _builder_version=\u00a0\u00bb4.17.3&Prime; _module_preset=\u00a0\u00bbdefault\u00a0\u00bb custom_margin=\u00a0\u00bb1px||||false|false\u00a0\u00bb custom_padding=\u00a0\u00bb18px|||||\u00a0\u00bb animation_style=\u00a0\u00bbfade\u00a0\u00bb global_colors_info=\u00a0\u00bb{}\u00a0\u00bb][\/et_pb_image][et_pb_image src=\u00a0\u00bbhttps:\/\/chateaudelaberchere.fr\/wp-content\/uploads\/2022\/04\/Chateau-de-la-Berchere-61.jpg\u00a0\u00bb alt=\u00a0\u00bbChateau-de-la-Berchere\u00a0\u00bb title_text=\u00a0\u00bbChateau-de-la-Berchere-6(1)\u00a0\u00bb _builder_version=\u00a0\u00bb4.17.3&Prime; _module_preset=\u00a0\u00bbdefault\u00a0\u00bb animation_style=\u00a0\u00bbfade\u00a0\u00bb global_colors_info=\u00a0\u00bb{}\u00a0\u00bb][\/et_pb_image][\/et_pb_column][\/et_pb_row][\/et_pb_section][et_pb_section fb_built=\u00a0\u00bb1&Prime; admin_label=\u00a0\u00bbContact\u00a0\u00bb _builder_version=\u00a0\u00bb4.17.3&Prime; _module_preset=\u00a0\u00bbdefault\u00a0\u00bb background_color=\u00a0\u00bbrgba(115,107,99,0.61)\u00a0\u00bb background_image=\u00a0\u00bbhttps:\/\/chateaudelaberchere.fr\/wp-content\/uploads\/2022\/04\/Chateau-de-la-Berchere-0.jpg\u00a0\u00bb background_blend=\u00a0\u00bbdarken\u00a0\u00bb custom_padding=\u00a0\u00bb0vw|0px|52px|0px|false|false\u00a0\u00bb locked=\u00a0\u00bboff\u00a0\u00bb global_colors_info=\u00a0\u00bb{}\u00a0\u00bb][et_pb_row _builder_version=\u00a0\u00bb4.17.3&Prime; _module_preset=\u00a0\u00bbdefault\u00a0\u00bb custom_margin=\u00a0\u00bb|||\u00a0\u00bb custom_padding=\u00a0\u00bb86px|||||\u00a0\u00bb animation_style=\u00a0\u00bbslide\u00a0\u00bb animation_direction=\u00a0\u00bbleft\u00a0\u00bb animation_intensity_slide=\u00a0\u00bb3%\u00a0\u00bb global_colors_info=\u00a0\u00bb{}\u00a0\u00bb][et_pb_column type=\u00a0\u00bb4_4&Prime; _builder_version=\u00a0\u00bb4.16&Prime; _module_preset=\u00a0\u00bbdefault\u00a0\u00bb custom_padding=\u00a0\u00bb|||\u00a0\u00bb global_colors_info=\u00a0\u00bb{}\u00a0\u00bb custom_padding__hover=\u00a0\u00bb|||\u00a0\u00bb][et_pb_text _builder_version=\u00a0\u00bb4.24.2&Prime; _module_preset=\u00a0\u00bbdefault\u00a0\u00bb text_font=\u00a0\u00bb|600|||||||\u00a0\u00bb text_text_color=\u00a0\u00bb#FFFFFF\u00a0\u00bb text_font_size=\u00a0\u00bb25px\u00a0\u00bb text_line_height=\u00a0\u00bb0.5em\u00a0\u00bb header_font=\u00a0\u00bb||||||||\u00a0\u00bb header_2_font=\u00a0\u00bbRaleway|700|||||||\u00a0\u00bb header_2_font_size=\u00a0\u00bb50px\u00a0\u00bb header_2_line_height=\u00a0\u00bb1.2em\u00a0\u00bb header_6_font=\u00a0\u00bbRaleway|700||on|||||\u00a0\u00bb header_6_font_size=\u00a0\u00bb16px\u00a0\u00bb header_6_letter_spacing=\u00a0\u00bb5px\u00a0\u00bb header_6_line_height=\u00a0\u00bb1.8em\u00a0\u00bb background_layout=\u00a0\u00bbdark\u00a0\u00bb max_width_tablet=\u00a0\u00bb\u00a0\u00bb max_width_phone=\u00a0\u00bb\u00a0\u00bb max_width_last_edited=\u00a0\u00bbon|desktop\u00a0\u00bb text_line_height_tablet=\u00a0\u00bb1.1em\u00a0\u00bb text_line_height_phone=\u00a0\u00bb1.1em\u00a0\u00bb text_line_height_last_edited=\u00a0\u00bbon|desktop\u00a0\u00bb header_2_font_size_tablet=\u00a0\u00bb35px\u00a0\u00bb header_2_font_size_phone=\u00a0\u00bb25px\u00a0\u00bb header_2_font_size_last_edited=\u00a0\u00bbon|phone\u00a0\u00bb global_colors_info=\u00a0\u00bb{}\u00a0\u00bb]<\/p>\n<h2>Bienvenue au ch\u00e2teau<\/h2>\n<p><strong>Les propri\u00e9taires et toute l\u2019\u00e9quipe du chateau sont heureux de vous acceuillir dans ce magnifique <\/strong><\/p>\n<p><strong>lieu<\/strong> et vous remercie de soutenir le patrimoine fran\u00e7ais.<\/p>\n<p>&nbsp;<\/p>\n<p>[\/et_pb_text][et_pb_button button_url=\u00a0\u00bbhttps:\/\/chateaudelaberchere.fr\/contact\/#reservation\u00a0\u00bb button_text=\u00a0\u00bbRESERVEZ\u00a0\u00bb button_alignment=\u00a0\u00bbcenter\u00a0\u00bb _builder_version=\u00a0\u00bb4.17.4&Prime; _module_preset=\u00a0\u00bbdefault\u00a0\u00bb custom_button=\u00a0\u00bbon\u00a0\u00bb button_text_size=\u00a0\u00bb18px\u00a0\u00bb button_text_color=\u00a0\u00bb#E3E1DF\u00a0\u00bb button_bg_color=\u00a0\u00bb#736B63&Prime; button_border_width=\u00a0\u00bb10px\u00a0\u00bb button_border_color=\u00a0\u00bbrgba(0,0,0,0)\u00a0\u00bb button_border_radius=\u00a0\u00bb0px\u00a0\u00bb button_font=\u00a0\u00bbRaleway|700|||||||\u00a0\u00bb button_border_radius_hover=\u00a0\u00bb0px\u00a0\u00bb locked=\u00a0\u00bboff\u00a0\u00bb global_colors_info=\u00a0\u00bb{}\u00a0\u00bb button_text_size__hover_enabled=\u00a0\u00bboff\u00a0\u00bb button_one_text_size__hover_enabled=\u00a0\u00bboff\u00a0\u00bb button_two_text_size__hover_enabled=\u00a0\u00bboff\u00a0\u00bb button_text_color__hover_enabled=\u00a0\u00bboff\u00a0\u00bb button_one_text_color__hover_enabled=\u00a0\u00bboff\u00a0\u00bb button_two_text_color__hover_enabled=\u00a0\u00bboff\u00a0\u00bb button_border_width__hover_enabled=\u00a0\u00bboff\u00a0\u00bb button_one_border_width__hover_enabled=\u00a0\u00bboff\u00a0\u00bb button_two_border_width__hover_enabled=\u00a0\u00bboff\u00a0\u00bb button_border_color__hover_enabled=\u00a0\u00bboff\u00a0\u00bb button_one_border_color__hover_enabled=\u00a0\u00bboff\u00a0\u00bb button_two_border_color__hover_enabled=\u00a0\u00bboff\u00a0\u00bb button_border_radius__hover_enabled=\u00a0\u00bbon\u00a0\u00bb button_border_radius__hover=\u00a0\u00bb0px\u00a0\u00bb button_one_border_radius__hover_enabled=\u00a0\u00bboff\u00a0\u00bb button_two_border_radius__hover_enabled=\u00a0\u00bboff\u00a0\u00bb button_letter_spacing__hover_enabled=\u00a0\u00bboff\u00a0\u00bb button_one_letter_spacing__hover_enabled=\u00a0\u00bboff\u00a0\u00bb button_two_letter_spacing__hover_enabled=\u00a0\u00bboff\u00a0\u00bb button_bg_color__hover_enabled=\u00a0\u00bboff\u00a0\u00bb button_one_bg_color__hover_enabled=\u00a0\u00bboff\u00a0\u00bb button_two_bg_color__hover_enabled=\u00a0\u00bboff\u00a0\u00bb][\/et_pb_button][\/et_pb_column][\/et_pb_row][\/et_pb_section]<\/p>\n","protected":false},"excerpt":{"rendered":"<p>Histoire &nbsp; &nbsp;Cinq si\u00e8cles Le ch\u00e2teau de la Berch\u00e8re est le reflet de l&rsquo;histoire de France et de la BourgogneReflet de l&rsquo;Histoire de France Le ch\u00e2teau de la Berch\u00e8re est le reflet de l&rsquo;histoire de France. Construit en fortification contre les invasions m\u00e9di\u00e9vales, il fut acquis et richement ornement\u00e9 aux XVI\u00e8me et XVII\u00e8me si\u00e8cles, suivant [&hellip;]<\/p>\n","protected":false},"author":1,"featured_media":0,"parent":0,"menu_order":0,"comment_status":"closed","ping_status":"closed","template":"","meta":{"_et_pb_use_builder":"on","_et_pb_old_content":"","_et_gb_content_width":"","footnotes":""},"class_list":["post-46","page","type-page","status-publish","hentry"],"yoast_head":"<!-- This site is optimized with the Yoast SEO plugin v27.4 - https:\/\/yoast.com\/product\/yoast-seo-wordpress\/ -->\n<title>Histoire - H\u00f4tel Ch\u00e2teau LA BERCHERE<\/title>\n<meta name=\"description\" content=\"Le ch\u00e2teau de la Berch\u00e8re est le reflet de l\u2019histoire de France et de la Bourgogne. Soutenons le Patrimoine Fran\u00e7ais !\" \/>\n<meta name=\"robots\" content=\"index, follow, max-snippet:-1, max-image-preview:large, max-video-preview:-1\" \/>\n<link rel=\"canonical\" href=\"https:\/\/chateaudelaberchere.fr\/en\/histoire\/\" \/>\n<meta property=\"og:locale\" content=\"en_GB\" \/>\n<meta property=\"og:type\" content=\"article\" \/>\n<meta property=\"og:title\" content=\"Histoire - H\u00f4tel Ch\u00e2teau LA BERCHERE\" \/>\n<meta property=\"og:description\" content=\"Le ch\u00e2teau de la Berch\u00e8re est le reflet de l\u2019histoire de France et de la Bourgogne. Soutenons le Patrimoine Fran\u00e7ais !\" \/>\n<meta property=\"og:url\" content=\"https:\/\/chateaudelaberchere.fr\/en\/histoire\/\" \/>\n<meta property=\"og:site_name\" content=\"LA BERCHERE\" \/>\n<meta property=\"article:publisher\" content=\"https:\/\/www.facebook.com\/hotellaberchere.berchere\" \/>\n<meta property=\"article:modified_time\" content=\"2024-05-03T13:39:48+00:00\" \/>\n<meta property=\"og:image\" content=\"https:\/\/chateaudelaberchere.fr\/wp-content\/uploads\/2022\/04\/828490733-2.jpg\" \/>\n\t<meta property=\"og:image:width\" content=\"491\" \/>\n\t<meta property=\"og:image:height\" content=\"368\" \/>\n\t<meta property=\"og:image:type\" content=\"image\/jpeg\" \/>\n<meta name=\"twitter:card\" content=\"summary_large_image\" \/>\n<meta name=\"twitter:label1\" content=\"Estimated reading time\" \/>\n\t<meta name=\"twitter:data1\" content=\"3 minutes\" \/>\n<script type=\"application\/ld+json\" class=\"yoast-schema-graph\">{\"@context\":\"https:\\\/\\\/schema.org\",\"@graph\":[{\"@type\":\"WebPage\",\"@id\":\"https:\\\/\\\/chateaudelaberchere.fr\\\/histoire\\\/\",\"url\":\"https:\\\/\\\/chateaudelaberchere.fr\\\/histoire\\\/\",\"name\":\"Histoire - H\u00f4tel Ch\u00e2teau LA BERCHERE\",\"isPartOf\":{\"@id\":\"https:\\\/\\\/chateaudelaberchere.fr\\\/#website\"},\"datePublished\":\"2022-04-18T16:56:07+00:00\",\"dateModified\":\"2024-05-03T13:39:48+00:00\",\"description\":\"Le ch\u00e2teau de la Berch\u00e8re est le reflet de l\u2019histoire de France et de la Bourgogne. Soutenons le Patrimoine Fran\u00e7ais !\",\"breadcrumb\":{\"@id\":\"https:\\\/\\\/chateaudelaberchere.fr\\\/histoire\\\/#breadcrumb\"},\"inLanguage\":\"en-GB\",\"potentialAction\":[{\"@type\":\"ReadAction\",\"target\":[\"https:\\\/\\\/chateaudelaberchere.fr\\\/histoire\\\/\"]}]},{\"@type\":\"BreadcrumbList\",\"@id\":\"https:\\\/\\\/chateaudelaberchere.fr\\\/histoire\\\/#breadcrumb\",\"itemListElement\":[{\"@type\":\"ListItem\",\"position\":1,\"name\":\"Accueil\",\"item\":\"https:\\\/\\\/chateaudelaberchere.fr\\\/\"},{\"@type\":\"ListItem\",\"position\":2,\"name\":\"Histoire\"}]},{\"@type\":\"WebSite\",\"@id\":\"https:\\\/\\\/chateaudelaberchere.fr\\\/#website\",\"url\":\"https:\\\/\\\/chateaudelaberchere.fr\\\/\",\"name\":\"LA BERCHERE\",\"description\":\"\",\"publisher\":{\"@id\":\"https:\\\/\\\/chateaudelaberchere.fr\\\/#organization\"},\"potentialAction\":[{\"@type\":\"SearchAction\",\"target\":{\"@type\":\"EntryPoint\",\"urlTemplate\":\"https:\\\/\\\/chateaudelaberchere.fr\\\/?s={search_term_string}\"},\"query-input\":{\"@type\":\"PropertyValueSpecification\",\"valueRequired\":true,\"valueName\":\"search_term_string\"}}],\"inLanguage\":\"en-GB\"},{\"@type\":\"Organization\",\"@id\":\"https:\\\/\\\/chateaudelaberchere.fr\\\/#organization\",\"name\":\"CHATEAU DE LA BERCHERE\",\"url\":\"https:\\\/\\\/chateaudelaberchere.fr\\\/\",\"logo\":{\"@type\":\"ImageObject\",\"inLanguage\":\"en-GB\",\"@id\":\"https:\\\/\\\/chateaudelaberchere.fr\\\/#\\\/schema\\\/logo\\\/image\\\/\",\"url\":\"https:\\\/\\\/chateaudelaberchere.fr\\\/wp-content\\\/uploads\\\/2022\\\/05\\\/HB-logoFinal11.jpg\",\"contentUrl\":\"https:\\\/\\\/chateaudelaberchere.fr\\\/wp-content\\\/uploads\\\/2022\\\/05\\\/HB-logoFinal11.jpg\",\"width\":499,\"height\":353,\"caption\":\"CHATEAU DE LA BERCHERE\"},\"image\":{\"@id\":\"https:\\\/\\\/chateaudelaberchere.fr\\\/#\\\/schema\\\/logo\\\/image\\\/\"},\"sameAs\":[\"https:\\\/\\\/www.facebook.com\\\/hotellaberchere.berchere\"]}]}<\/script>\n<!-- \/ Yoast SEO plugin. -->","yoast_head_json":{"title":"Histoire - H\u00f4tel Ch\u00e2teau LA BERCHERE","description":"Le ch\u00e2teau de la Berch\u00e8re est le reflet de l\u2019histoire de France et de la Bourgogne. Soutenons le Patrimoine Fran\u00e7ais !","robots":{"index":"index","follow":"follow","max-snippet":"max-snippet:-1","max-image-preview":"max-image-preview:large","max-video-preview":"max-video-preview:-1"},"canonical":"https:\/\/chateaudelaberchere.fr\/en\/histoire\/","og_locale":"en_GB","og_type":"article","og_title":"Histoire - H\u00f4tel Ch\u00e2teau LA BERCHERE","og_description":"Le ch\u00e2teau de la Berch\u00e8re est le reflet de l\u2019histoire de France et de la Bourgogne. Soutenons le Patrimoine Fran\u00e7ais !","og_url":"https:\/\/chateaudelaberchere.fr\/en\/histoire\/","og_site_name":"LA BERCHERE","article_publisher":"https:\/\/www.facebook.com\/hotellaberchere.berchere","article_modified_time":"2024-05-03T13:39:48+00:00","og_image":[{"width":491,"height":368,"url":"https:\/\/chateaudelaberchere.fr\/wp-content\/uploads\/2022\/04\/828490733-2.jpg","type":"image\/jpeg"}],"twitter_card":"summary_large_image","twitter_misc":{"Estimated reading time":"3 minutes"},"schema":{"@context":"https:\/\/schema.org","@graph":[{"@type":"WebPage","@id":"https:\/\/chateaudelaberchere.fr\/histoire\/","url":"https:\/\/chateaudelaberchere.fr\/histoire\/","name":"Histoire - H\u00f4tel Ch\u00e2teau LA BERCHERE","isPartOf":{"@id":"https:\/\/chateaudelaberchere.fr\/#website"},"datePublished":"2022-04-18T16:56:07+00:00","dateModified":"2024-05-03T13:39:48+00:00","description":"Le ch\u00e2teau de la Berch\u00e8re est le reflet de l\u2019histoire de France et de la Bourgogne. Soutenons le Patrimoine Fran\u00e7ais !","breadcrumb":{"@id":"https:\/\/chateaudelaberchere.fr\/histoire\/#breadcrumb"},"inLanguage":"en-GB","potentialAction":[{"@type":"ReadAction","target":["https:\/\/chateaudelaberchere.fr\/histoire\/"]}]},{"@type":"BreadcrumbList","@id":"https:\/\/chateaudelaberchere.fr\/histoire\/#breadcrumb","itemListElement":[{"@type":"ListItem","position":1,"name":"Accueil","item":"https:\/\/chateaudelaberchere.fr\/"},{"@type":"ListItem","position":2,"name":"Histoire"}]},{"@type":"WebSite","@id":"https:\/\/chateaudelaberchere.fr\/#website","url":"https:\/\/chateaudelaberchere.fr\/","name":"LA BERCHERE","description":"","publisher":{"@id":"https:\/\/chateaudelaberchere.fr\/#organization"},"potentialAction":[{"@type":"SearchAction","target":{"@type":"EntryPoint","urlTemplate":"https:\/\/chateaudelaberchere.fr\/?s={search_term_string}"},"query-input":{"@type":"PropertyValueSpecification","valueRequired":true,"valueName":"search_term_string"}}],"inLanguage":"en-GB"},{"@type":"Organization","@id":"https:\/\/chateaudelaberchere.fr\/#organization","name":"CHATEAU DE LA BERCHERE","url":"https:\/\/chateaudelaberchere.fr\/","logo":{"@type":"ImageObject","inLanguage":"en-GB","@id":"https:\/\/chateaudelaberchere.fr\/#\/schema\/logo\/image\/","url":"https:\/\/chateaudelaberchere.fr\/wp-content\/uploads\/2022\/05\/HB-logoFinal11.jpg","contentUrl":"https:\/\/chateaudelaberchere.fr\/wp-content\/uploads\/2022\/05\/HB-logoFinal11.jpg","width":499,"height":353,"caption":"CHATEAU DE LA BERCHERE"},"image":{"@id":"https:\/\/chateaudelaberchere.fr\/#\/schema\/logo\/image\/"},"sameAs":["https:\/\/www.facebook.com\/hotellaberchere.berchere"]}]}},"_links":{"self":[{"href":"https:\/\/chateaudelaberchere.fr\/en\/wp-json\/wp\/v2\/pages\/46","targetHints":{"allow":["GET"]}}],"collection":[{"href":"https:\/\/chateaudelaberchere.fr\/en\/wp-json\/wp\/v2\/pages"}],"about":[{"href":"https:\/\/chateaudelaberchere.fr\/en\/wp-json\/wp\/v2\/types\/page"}],"author":[{"embeddable":true,"href":"https:\/\/chateaudelaberchere.fr\/en\/wp-json\/wp\/v2\/users\/1"}],"replies":[{"embeddable":true,"href":"https:\/\/chateaudelaberchere.fr\/en\/wp-json\/wp\/v2\/comments?post=46"}],"version-history":[{"count":0,"href":"https:\/\/chateaudelaberchere.fr\/en\/wp-json\/wp\/v2\/pages\/46\/revisions"}],"wp:attachment":[{"href":"https:\/\/chateaudelaberchere.fr\/en\/wp-json\/wp\/v2\/media?parent=46"}],"curies":[{"name":"wp","href":"https:\/\/api.w.org\/{rel}","templated":true}]}}