{"id":659,"date":"2024-04-17T17:57:35","date_gmt":"2024-04-17T17:57:35","guid":{"rendered":"https:\/\/chateaudelaberchere.fr\/?page_id=659"},"modified":"2024-04-17T17:58:09","modified_gmt":"2024-04-17T17:58:09","slug":"659-2","status":"publish","type":"page","link":"https:\/\/chateaudelaberchere.fr\/en\/659-2\/","title":{"rendered":""},"content":{"rendered":"\n[et_pb_section fb_built=\u00a0\u00bb1&Prime; admin_label=\u00a0\u00bbHeader\u00a0\u00bb _builder_version=\u00a0\u00bb4.24.2&Prime; _module_preset=\u00a0\u00bbdefault\u00a0\u00bb background_enable_color=\u00a0\u00bboff\u00a0\u00bb background_image=\u00a0\u00bbhttps:\/\/chateaudelaberchere.fr\/wp-content\/uploads\/2022\/04\/visuel_tourisme_chateau_berchere-1.jpg\u00a0\u00bb parallax=\u00a0\u00bbon\u00a0\u00bb custom_margin=\u00a0\u00bb|||\u00a0\u00bb custom_padding=\u00a0\u00bb8vw|0px|0|0px|false|false\u00a0\u00bb locked=\u00a0\u00bboff\u00a0\u00bb global_colors_info=\u00a0\u00bb{}\u00a0\u00bb theme_builder_area=\u00a0\u00bbpost_content\u00a0\u00bb][et_pb_row _builder_version=\u00a0\u00bb4.16&Prime; _module_preset=\u00a0\u00bbdefault\u00a0\u00bb global_colors_info=\u00a0\u00bb{}\u00a0\u00bb theme_builder_area=\u00a0\u00bbpost_content\u00a0\u00bb][et_pb_column type=\u00a0\u00bb4_4&Prime; _builder_version=\u00a0\u00bb4.16&Prime; _module_preset=\u00a0\u00bbdefault\u00a0\u00bb custom_padding=\u00a0\u00bb|||\u00a0\u00bb global_colors_info=\u00a0\u00bb{}\u00a0\u00bb custom_padding__hover=\u00a0\u00bb|||\u00a0\u00bb theme_builder_area=\u00a0\u00bbpost_content\u00a0\u00bb][et_pb_text _builder_version=\u00a0\u00bb4.17.3&Prime; _module_preset=\u00a0\u00bbdefault\u00a0\u00bb text_font=\u00a0\u00bb||||||||\u00a0\u00bb header_font=\u00a0\u00bb|700|||||||\u00a0\u00bb header_text_color=\u00a0\u00bb#FFFFFF\u00a0\u00bb header_font_size=\u00a0\u00bb70px\u00a0\u00bb header_line_height=\u00a0\u00bb1.2em\u00a0\u00bb header_5_font=\u00a0\u00bbRaleway|700||on|||||\u00a0\u00bb header_5_text_color=\u00a0\u00bb#000000&Prime; header_5_font_size=\u00a0\u00bb20px\u00a0\u00bb header_5_letter_spacing=\u00a0\u00bb0.5em\u00a0\u00bb header_5_line_height=\u00a0\u00bb1.8em\u00a0\u00bb animation_style=\u00a0\u00bbzoom\u00a0\u00bb animation_intensity_zoom=\u00a0\u00bb5%\u00a0\u00bb header_font_size_tablet=\u00a0\u00bb48px\u00a0\u00bb header_font_size_phone=\u00a0\u00bb32px\u00a0\u00bb header_font_size_last_edited=\u00a0\u00bbon|phone\u00a0\u00bb header_5_font_size_tablet=\u00a0\u00bb14px\u00a0\u00bb header_5_font_size_phone=\u00a0\u00bb12px\u00a0\u00bb header_5_font_size_last_edited=\u00a0\u00bbon|desktop\u00a0\u00bb global_colors_info=\u00a0\u00bb{}\u00a0\u00bb theme_builder_area=\u00a0\u00bbpost_content\u00a0\u00bb]<h1>Tourisme<\/h1>\n<p>&nbsp;<\/p>\n<p>&nbsp;<\/p>[\/et_pb_text][\/et_pb_column][\/et_pb_row][\/et_pb_section][et_pb_section fb_built=\u00a0\u00bb1&Prime; _builder_version=\u00a0\u00bb4.17.3&Prime; _module_preset=\u00a0\u00bbdefault\u00a0\u00bb background_color=\u00a0\u00bb#E3E1DF\u00a0\u00bb custom_padding=\u00a0\u00bb||6px|||\u00a0\u00bb global_colors_info=\u00a0\u00bb{}\u00a0\u00bb theme_builder_area=\u00a0\u00bbpost_content\u00a0\u00bb][et_pb_row column_structure=\u00a0\u00bb2_5,3_5&Prime; _builder_version=\u00a0\u00bb4.17.3&Prime; _module_preset=\u00a0\u00bbdefault\u00a0\u00bb global_colors_info=\u00a0\u00bb{}\u00a0\u00bb theme_builder_area=\u00a0\u00bbpost_content\u00a0\u00bb][et_pb_column type=\u00a0\u00bb2_5&Prime; _builder_version=\u00a0\u00bb4.17.3&Prime; _module_preset=\u00a0\u00bbdefault\u00a0\u00bb global_colors_info=\u00a0\u00bb{}\u00a0\u00bb theme_builder_area=\u00a0\u00bbpost_content\u00a0\u00bb][et_pb_text _builder_version=\u00a0\u00bb4.17.4&Prime; _module_preset=\u00a0\u00bbdefault\u00a0\u00bb text_font_size=\u00a0\u00bb18px\u00a0\u00bb header_2_font=\u00a0\u00bb|700|||||||\u00a0\u00bb header_2_font_size=\u00a0\u00bb38px\u00a0\u00bb custom_margin=\u00a0\u00bb-2px|||||\u00a0\u00bb custom_padding=\u00a0\u00bb32px||0px|||\u00a0\u00bb animation_style=\u00a0\u00bbslide\u00a0\u00bb animation_direction=\u00a0\u00bbtop\u00a0\u00bb animation_intensity_slide=\u00a0\u00bb3%\u00a0\u00bb global_colors_info=\u00a0\u00bb{}\u00a0\u00bb theme_builder_area=\u00a0\u00bbpost_content\u00a0\u00bb]<h2>Le c\u00e9l\u00e8bre vignoble Bourguignon<\/h2>\n<p>Vous pourrez parcourir notre c\u00e9l\u00e8bre vignoble bourguignon et visiter les Domaines viticoles, puisque Vosne Roman\u00e9e est situ\u00e9 \u00e0 2 mn, Nuits Saint Georges \u00e9galement \u00e0 2 mn, Clos de Vougeot \u00e0 4 mn, Gevrey-Chambertin \u00e0 8 mn et Beaune \u00e0 16 mn.<\/p>[\/et_pb_text][\/et_pb_column][et_pb_column type=\u00a0\u00bb3_5&Prime; _builder_version=\u00a0\u00bb4.17.3&Prime; _module_preset=\u00a0\u00bbdefault\u00a0\u00bb global_colors_info=\u00a0\u00bb{}\u00a0\u00bb theme_builder_area=\u00a0\u00bbpost_content\u00a0\u00bb][et_pb_image src=\u00a0\u00bbhttps:\/\/chateaudelaberchere.fr\/wp-content\/uploads\/2022\/04\/639098910-1.jpg\u00a0\u00bb alt=\u00a0\u00bbH\u00f4tel Ch\u00e2teau La Berch\u00e8re\u00a0\u00bb title_text=\u00a0\u00bb639098910&Prime; _builder_version=\u00a0\u00bb4.24.2&Prime; _module_preset=\u00a0\u00bbdefault\u00a0\u00bb animation_style=\u00a0\u00bbfade\u00a0\u00bb global_colors_info=\u00a0\u00bb{}\u00a0\u00bb theme_builder_area=\u00a0\u00bbpost_content\u00a0\u00bb][\/et_pb_image][\/et_pb_column][\/et_pb_row][et_pb_row _builder_version=\u00a0\u00bb4.17.3&Prime; _module_preset=\u00a0\u00bbdefault\u00a0\u00bb global_colors_info=\u00a0\u00bb{}\u00a0\u00bb theme_builder_area=\u00a0\u00bbpost_content\u00a0\u00bb][et_pb_column type=\u00a0\u00bb4_4&Prime; _builder_version=\u00a0\u00bb4.17.3&Prime; _module_preset=\u00a0\u00bbdefault\u00a0\u00bb global_colors_info=\u00a0\u00bb{}\u00a0\u00bb theme_builder_area=\u00a0\u00bbpost_content\u00a0\u00bb][et_pb_text _builder_version=\u00a0\u00bb4.24.2&Prime; _module_preset=\u00a0\u00bbdefault\u00a0\u00bb text_font_size=\u00a0\u00bb18px\u00a0\u00bb custom_margin=\u00a0\u00bb-30px|||||\u00a0\u00bb animation_style=\u00a0\u00bbslide\u00a0\u00bb animation_direction=\u00a0\u00bbtop\u00a0\u00bb animation_intensity_slide=\u00a0\u00bb3%\u00a0\u00bb global_colors_info=\u00a0\u00bb{}\u00a0\u00bb theme_builder_area=\u00a0\u00bbpost_content\u00a0\u00bb]<p>Vous pourrez d\u00e9couvrir \u00e9galement les villages des Hautes C\u00f4tes et d\u00e9guster d&rsquo;autres produits r\u00e9gionaux.<\/p>\n<p>A l\u2019abbaye de Citeaux toute proche, fond\u00e9e en 1098 est le berceau de l\u2019Ordre cistercien. Vous pourrez visiter son \u00e9glise et ses b\u00e2timents m\u00e9di\u00e9vaux, sa boutique o\u00f9 se vend l\u2019excellent fromage fabriqu\u00e9 par les moines.<\/p>\n<p>Lors de votre s\u00e9jour, nous serons \u00e0 votre disposition pour vous informer d\u2019autres lieux et \u00e9v\u00e9nements culturels susceptibles de vous int\u00e9resser. <span style=\"font-weight: 400;\">Laissez-nous vous guider dans notre magnifique r\u00e9gion \u00e0 la d\u00e9couverte d\u2019un terroir et d\u2019une histoire hors du commun. Nous pourrons vous guider dans le choix de vos restaurants.<\/span><\/p>[\/et_pb_text][\/et_pb_column][\/et_pb_row][\/et_pb_section][et_pb_section fb_built=\u00a0\u00bb1&Prime; _builder_version=\u00a0\u00bb4.17.3&Prime; _module_preset=\u00a0\u00bbdefault\u00a0\u00bb background_color=\u00a0\u00bb#E3E1DF\u00a0\u00bb custom_padding=\u00a0\u00bb9px||0px|||\u00a0\u00bb global_colors_info=\u00a0\u00bb{}\u00a0\u00bb theme_builder_area=\u00a0\u00bbpost_content\u00a0\u00bb][et_pb_row column_structure=\u00a0\u00bb2_5,3_5&Prime; _builder_version=\u00a0\u00bb4.17.3&Prime; _module_preset=\u00a0\u00bbdefault\u00a0\u00bb global_colors_info=\u00a0\u00bb{}\u00a0\u00bb theme_builder_area=\u00a0\u00bbpost_content\u00a0\u00bb][et_pb_column type=\u00a0\u00bb2_5&Prime; _builder_version=\u00a0\u00bb4.17.3&Prime; _module_preset=\u00a0\u00bbdefault\u00a0\u00bb global_colors_info=\u00a0\u00bb{}\u00a0\u00bb theme_builder_area=\u00a0\u00bbpost_content\u00a0\u00bb][et_pb_image src=\u00a0\u00bbhttps:\/\/chateaudelaberchere.fr\/wp-content\/uploads\/2022\/04\/visuel_tourisme_chateau_berchere2.jpg\u00a0\u00bb title_text=\u00a0\u00bbvisuel_tourisme_chateau_berchere2&Prime; _builder_version=\u00a0\u00bb4.17.3&Prime; _module_preset=\u00a0\u00bbdefault\u00a0\u00bb animation_style=\u00a0\u00bbslide\u00a0\u00bb animation_direction=\u00a0\u00bbleft\u00a0\u00bb animation_intensity_slide=\u00a0\u00bb3%\u00a0\u00bb global_colors_info=\u00a0\u00bb{}\u00a0\u00bb theme_builder_area=\u00a0\u00bbpost_content\u00a0\u00bb][\/et_pb_image][\/et_pb_column][et_pb_column type=\u00a0\u00bb3_5&Prime; _builder_version=\u00a0\u00bb4.17.3&Prime; _module_preset=\u00a0\u00bbdefault\u00a0\u00bb global_colors_info=\u00a0\u00bb{}\u00a0\u00bb theme_builder_area=\u00a0\u00bbpost_content\u00a0\u00bb][et_pb_gallery gallery_ids=\u00a0\u00bb276,301,344,329,328,323,290&Prime; posts_number=\u00a0\u00bb2&Prime; show_title_and_caption=\u00a0\u00bboff\u00a0\u00bb _builder_version=\u00a0\u00bb4.24.2&Prime; _module_preset=\u00a0\u00bbdefault\u00a0\u00bb global_colors_info=\u00a0\u00bb{}\u00a0\u00bb theme_builder_area=\u00a0\u00bbpost_content\u00a0\u00bb][\/et_pb_gallery][\/et_pb_column][\/et_pb_row][\/et_pb_section]\n","protected":false},"excerpt":{"rendered":"<p>Tourisme &nbsp; &nbsp;Le c\u00e9l\u00e8bre vignoble Bourguignon Vous pourrez parcourir notre c\u00e9l\u00e8bre vignoble bourguignon et visiter les Domaines viticoles, puisque Vosne Roman\u00e9e est situ\u00e9 \u00e0 2 mn, Nuits Saint Georges \u00e9galement \u00e0 2 mn, Clos de Vougeot \u00e0 4 mn, Gevrey-Chambertin \u00e0 8 mn et Beaune \u00e0 16 mn.Vous pourrez d\u00e9couvrir \u00e9galement les villages des Hautes [&hellip;]<\/p>\n","protected":false},"author":2,"featured_media":0,"parent":0,"menu_order":0,"comment_status":"closed","ping_status":"closed","template":"","meta":{"_et_pb_use_builder":"on","_et_pb_old_content":"<!-- wp:divi\/placeholder \/-->","_et_gb_content_width":"","footnotes":""},"class_list":["post-659","page","type-page","status-publish","hentry"],"yoast_head":"<!-- This site is optimized with the Yoast SEO plugin v27.5 - https:\/\/yoast.com\/product\/yoast-seo-wordpress\/ -->\n<title>- LA BERCHERE<\/title>\n<meta name=\"robots\" content=\"index, follow, max-snippet:-1, max-image-preview:large, max-video-preview:-1\" \/>\n<link rel=\"canonical\" href=\"https:\/\/chateaudelaberchere.fr\/en\/659-2\/\" \/>\n<meta property=\"og:locale\" content=\"en_GB\" \/>\n<meta property=\"og:type\" content=\"article\" \/>\n<meta property=\"og:title\" content=\"- LA BERCHERE\" \/>\n<meta property=\"og:description\" content=\"Tourisme &nbsp; &nbsp;Le c\u00e9l\u00e8bre vignoble Bourguignon Vous pourrez parcourir notre c\u00e9l\u00e8bre vignoble bourguignon et visiter les Domaines viticoles, puisque Vosne Roman\u00e9e est situ\u00e9 \u00e0 2 mn, Nuits Saint Georges \u00e9galement \u00e0 2 mn, Clos de Vougeot \u00e0 4 mn, Gevrey-Chambertin \u00e0 8 mn et Beaune \u00e0 16 mn.Vous pourrez d\u00e9couvrir \u00e9galement les villages des Hautes [&hellip;]\" \/>\n<meta property=\"og:url\" content=\"https:\/\/chateaudelaberchere.fr\/en\/659-2\/\" \/>\n<meta property=\"og:site_name\" content=\"LA BERCHERE\" \/>\n<meta property=\"article:publisher\" content=\"https:\/\/www.facebook.com\/hotellaberchere.berchere\" \/>\n<meta property=\"article:modified_time\" content=\"2024-04-17T17:58:09+00:00\" \/>\n<meta property=\"og:image\" content=\"https:\/\/chateaudelaberchere.fr\/wp-content\/uploads\/2022\/04\/828490733-2.jpg\" \/>\n\t<meta property=\"og:image:width\" content=\"491\" \/>\n\t<meta property=\"og:image:height\" content=\"368\" \/>\n\t<meta property=\"og:image:type\" content=\"image\/jpeg\" \/>\n<meta name=\"twitter:card\" content=\"summary_large_image\" \/>\n<meta name=\"twitter:label1\" content=\"Estimated reading time\" \/>\n\t<meta name=\"twitter:data1\" content=\"3 minutes\" \/>\n<script type=\"application\/ld+json\" class=\"yoast-schema-graph\">{\"@context\":\"https:\\\/\\\/schema.org\",\"@graph\":[{\"@type\":\"WebPage\",\"@id\":\"https:\\\/\\\/chateaudelaberchere.fr\\\/659-2\\\/\",\"url\":\"https:\\\/\\\/chateaudelaberchere.fr\\\/659-2\\\/\",\"name\":\"- LA BERCHERE\",\"isPartOf\":{\"@id\":\"https:\\\/\\\/chateaudelaberchere.fr\\\/#website\"},\"datePublished\":\"2024-04-17T17:57:35+00:00\",\"dateModified\":\"2024-04-17T17:58:09+00:00\",\"inLanguage\":\"en-GB\",\"potentialAction\":[{\"@type\":\"ReadAction\",\"target\":[\"https:\\\/\\\/chateaudelaberchere.fr\\\/659-2\\\/\"]}]},{\"@type\":\"WebSite\",\"@id\":\"https:\\\/\\\/chateaudelaberchere.fr\\\/#website\",\"url\":\"https:\\\/\\\/chateaudelaberchere.fr\\\/\",\"name\":\"LA BERCHERE\",\"description\":\"\",\"publisher\":{\"@id\":\"https:\\\/\\\/chateaudelaberchere.fr\\\/#organization\"},\"potentialAction\":[{\"@type\":\"SearchAction\",\"target\":{\"@type\":\"EntryPoint\",\"urlTemplate\":\"https:\\\/\\\/chateaudelaberchere.fr\\\/?s={search_term_string}\"},\"query-input\":{\"@type\":\"PropertyValueSpecification\",\"valueRequired\":true,\"valueName\":\"search_term_string\"}}],\"inLanguage\":\"en-GB\"},{\"@type\":\"Organization\",\"@id\":\"https:\\\/\\\/chateaudelaberchere.fr\\\/#organization\",\"name\":\"CHATEAU DE LA BERCHERE\",\"url\":\"https:\\\/\\\/chateaudelaberchere.fr\\\/\",\"logo\":{\"@type\":\"ImageObject\",\"inLanguage\":\"en-GB\",\"@id\":\"https:\\\/\\\/chateaudelaberchere.fr\\\/#\\\/schema\\\/logo\\\/image\\\/\",\"url\":\"https:\\\/\\\/chateaudelaberchere.fr\\\/wp-content\\\/uploads\\\/2022\\\/05\\\/HB-logoFinal11.jpg\",\"contentUrl\":\"https:\\\/\\\/chateaudelaberchere.fr\\\/wp-content\\\/uploads\\\/2022\\\/05\\\/HB-logoFinal11.jpg\",\"width\":499,\"height\":353,\"caption\":\"CHATEAU DE LA BERCHERE\"},\"image\":{\"@id\":\"https:\\\/\\\/chateaudelaberchere.fr\\\/#\\\/schema\\\/logo\\\/image\\\/\"},\"sameAs\":[\"https:\\\/\\\/www.facebook.com\\\/hotellaberchere.berchere\"]}]}<\/script>\n<!-- \/ Yoast SEO plugin. -->","yoast_head_json":{"title":"- LA BERCHERE","robots":{"index":"index","follow":"follow","max-snippet":"max-snippet:-1","max-image-preview":"max-image-preview:large","max-video-preview":"max-video-preview:-1"},"canonical":"https:\/\/chateaudelaberchere.fr\/en\/659-2\/","og_locale":"en_GB","og_type":"article","og_title":"- LA BERCHERE","og_description":"Tourisme &nbsp; &nbsp;Le c\u00e9l\u00e8bre vignoble Bourguignon Vous pourrez parcourir notre c\u00e9l\u00e8bre vignoble bourguignon et visiter les Domaines viticoles, puisque Vosne Roman\u00e9e est situ\u00e9 \u00e0 2 mn, Nuits Saint Georges \u00e9galement \u00e0 2 mn, Clos de Vougeot \u00e0 4 mn, Gevrey-Chambertin \u00e0 8 mn et Beaune \u00e0 16 mn.Vous pourrez d\u00e9couvrir \u00e9galement les villages des Hautes [&hellip;]","og_url":"https:\/\/chateaudelaberchere.fr\/en\/659-2\/","og_site_name":"LA BERCHERE","article_publisher":"https:\/\/www.facebook.com\/hotellaberchere.berchere","article_modified_time":"2024-04-17T17:58:09+00:00","og_image":[{"width":491,"height":368,"url":"https:\/\/chateaudelaberchere.fr\/wp-content\/uploads\/2022\/04\/828490733-2.jpg","type":"image\/jpeg"}],"twitter_card":"summary_large_image","twitter_misc":{"Estimated reading time":"3 minutes"},"schema":{"@context":"https:\/\/schema.org","@graph":[{"@type":"WebPage","@id":"https:\/\/chateaudelaberchere.fr\/659-2\/","url":"https:\/\/chateaudelaberchere.fr\/659-2\/","name":"- LA BERCHERE","isPartOf":{"@id":"https:\/\/chateaudelaberchere.fr\/#website"},"datePublished":"2024-04-17T17:57:35+00:00","dateModified":"2024-04-17T17:58:09+00:00","inLanguage":"en-GB","potentialAction":[{"@type":"ReadAction","target":["https:\/\/chateaudelaberchere.fr\/659-2\/"]}]},{"@type":"WebSite","@id":"https:\/\/chateaudelaberchere.fr\/#website","url":"https:\/\/chateaudelaberchere.fr\/","name":"LA BERCHERE","description":"","publisher":{"@id":"https:\/\/chateaudelaberchere.fr\/#organization"},"potentialAction":[{"@type":"SearchAction","target":{"@type":"EntryPoint","urlTemplate":"https:\/\/chateaudelaberchere.fr\/?s={search_term_string}"},"query-input":{"@type":"PropertyValueSpecification","valueRequired":true,"valueName":"search_term_string"}}],"inLanguage":"en-GB"},{"@type":"Organization","@id":"https:\/\/chateaudelaberchere.fr\/#organization","name":"CHATEAU DE LA BERCHERE","url":"https:\/\/chateaudelaberchere.fr\/","logo":{"@type":"ImageObject","inLanguage":"en-GB","@id":"https:\/\/chateaudelaberchere.fr\/#\/schema\/logo\/image\/","url":"https:\/\/chateaudelaberchere.fr\/wp-content\/uploads\/2022\/05\/HB-logoFinal11.jpg","contentUrl":"https:\/\/chateaudelaberchere.fr\/wp-content\/uploads\/2022\/05\/HB-logoFinal11.jpg","width":499,"height":353,"caption":"CHATEAU DE LA BERCHERE"},"image":{"@id":"https:\/\/chateaudelaberchere.fr\/#\/schema\/logo\/image\/"},"sameAs":["https:\/\/www.facebook.com\/hotellaberchere.berchere"]}]}},"_links":{"self":[{"href":"https:\/\/chateaudelaberchere.fr\/en\/wp-json\/wp\/v2\/pages\/659","targetHints":{"allow":["GET"]}}],"collection":[{"href":"https:\/\/chateaudelaberchere.fr\/en\/wp-json\/wp\/v2\/pages"}],"about":[{"href":"https:\/\/chateaudelaberchere.fr\/en\/wp-json\/wp\/v2\/types\/page"}],"author":[{"embeddable":true,"href":"https:\/\/chateaudelaberchere.fr\/en\/wp-json\/wp\/v2\/users\/2"}],"replies":[{"embeddable":true,"href":"https:\/\/chateaudelaberchere.fr\/en\/wp-json\/wp\/v2\/comments?post=659"}],"version-history":[{"count":0,"href":"https:\/\/chateaudelaberchere.fr\/en\/wp-json\/wp\/v2\/pages\/659\/revisions"}],"wp:attachment":[{"href":"https:\/\/chateaudelaberchere.fr\/en\/wp-json\/wp\/v2\/media?parent=659"}],"curies":[{"name":"wp","href":"https:\/\/api.w.org\/{rel}","templated":true}]}}