{"id":883,"date":"2024-09-30T09:21:55","date_gmt":"2024-09-30T09:21:55","guid":{"rendered":"https:\/\/chateaudelaberchere.fr\/?page_id=883"},"modified":"2025-11-24T09:37:53","modified_gmt":"2025-11-24T09:37:53","slug":"services","status":"publish","type":"page","link":"https:\/\/chateaudelaberchere.fr\/en\/services\/","title":{"rendered":"Services"},"content":{"rendered":"<p>[et_pb_section fb_built=\u00a0\u00bb1&Prime; admin_label=\u00a0\u00bbHeader\u00a0\u00bb _builder_version=\u00a0\u00bb4.27.0&Prime; _module_preset=\u00a0\u00bbdefault\u00a0\u00bb background_image=\u00a0\u00bbhttps:\/\/chateaudelaberchere.fr\/wp-content\/uploads\/2024\/09\/2378653lpw-2378722-article-horizontal-jpg_3143227_1250x625.jpg\u00a0\u00bb background_position=\u00a0\u00bbbottom_left\u00a0\u00bb min_height=\u00a0\u00bb421px\u00a0\u00bb custom_margin=\u00a0\u00bb||75px|||\u00a0\u00bb custom_padding=\u00a0\u00bb||440px|||\u00a0\u00bb global_colors_info=\u00a0\u00bb{}\u00a0\u00bb][et_pb_row _builder_version=\u00a0\u00bb4.24.2&Prime; _module_preset=\u00a0\u00bbdefault\u00a0\u00bb custom_padding=\u00a0\u00bb||54px|||\u00a0\u00bb global_colors_info=\u00a0\u00bb{}\u00a0\u00bb][et_pb_column type=\u00a0\u00bb4_4&Prime; _builder_version=\u00a0\u00bb4.24.2&Prime; _module_preset=\u00a0\u00bbdefault\u00a0\u00bb global_colors_info=\u00a0\u00bb{}\u00a0\u00bb][et_pb_text _builder_version=\u00a0\u00bb4.27.0&Prime; _module_preset=\u00a0\u00bbdefault\u00a0\u00bb text_text_color=\u00a0\u00bb#FFFFFF\u00a0\u00bb ul_text_align=\u00a0\u00bbleft\u00a0\u00bb header_font=\u00a0\u00bb|700|||||||\u00a0\u00bb header_text_align=\u00a0\u00bbleft\u00a0\u00bb header_text_color=\u00a0\u00bb#FFFFFF\u00a0\u00bb header_font_size=\u00a0\u00bb70px\u00a0\u00bb header_line_height=\u00a0\u00bb1.2em\u00a0\u00bb animation_style=\u00a0\u00bbzoom\u00a0\u00bb global_colors_info=\u00a0\u00bb{}\u00a0\u00bb]<\/p>\n<h1>Services<\/h1>\n<p>[\/et_pb_text][\/et_pb_column][\/et_pb_row][\/et_pb_section][et_pb_section fb_built=\u00a0\u00bb1&Prime; _builder_version=\u00a0\u00bb4.24.2&Prime; _module_preset=\u00a0\u00bbdefault\u00a0\u00bb parallax=\u00a0\u00bbon\u00a0\u00bb min_height=\u00a0\u00bb1006.4px\u00a0\u00bb custom_margin=\u00a0\u00bb-188px|||||\u00a0\u00bb global_colors_info=\u00a0\u00bb{}\u00a0\u00bb][et_pb_row column_structure=\u00a0\u00bb1_2,1_2&Prime; _builder_version=\u00a0\u00bb4.24.2&Prime; _module_preset=\u00a0\u00bbdefault\u00a0\u00bb global_colors_info=\u00a0\u00bb{}\u00a0\u00bb][et_pb_column type=\u00a0\u00bb1_2&Prime; _builder_version=\u00a0\u00bb4.24.2&Prime; _module_preset=\u00a0\u00bbdefault\u00a0\u00bb global_colors_info=\u00a0\u00bb{}\u00a0\u00bb][et_pb_text _builder_version=\u00a0\u00bb4.27.4&Prime; _module_preset=\u00a0\u00bbdefault\u00a0\u00bb text_font_size=\u00a0\u00bb21px\u00a0\u00bb custom_padding=\u00a0\u00bb||1px|||\u00a0\u00bb hover_enabled=\u00a0\u00bb0&Prime; global_colors_info=\u00a0\u00bb{}\u00a0\u00bb sticky_enabled=\u00a0\u00bb0&Prime;]<\/p>\n<p><span style=\"font-weight: 400;\"><\/span><\/p>\n<p><span style=\"font-weight: 400;\"><\/span><\/p>\n<p><span style=\"font-weight: 400;\"><\/span><\/p>\n<p><span style=\"font-weight: 400;\"><\/span><\/p>\n<p><span style=\"font-weight: 400;\"><\/span><\/p>\n<p><span style=\"font-weight: 400;\"><\/span><\/p>\n<p><span style=\"font-weight: 400;\"><\/span><\/p>\n<p><span style=\"font-weight: 400;\"><\/span><\/p>\n<p><span style=\"font-weight: 400;\"><\/span><\/p>\n<p><span style=\"font-weight: 400;\"><\/span><\/p>\n<ul>\n<li><strong class=\"titre_situation\">Langues parl\u00e9es : <\/strong>Fran\u00e7ais, Anglais, Allemand<\/li>\n<li><span><strong>Navettes ou taxis<\/strong> depuis l&rsquo;h\u00f4tel sur demande<\/span><\/li>\n<li><span><strong>Parking s\u00e9curis\u00e9, garage, local \u00e0 v\u00e9lo<\/strong><\/span><\/li>\n<li><span style=\"color: #ff0000;\"><a href=\"https:\/\/chateaudelaberchere.fr\/wp-content\/uploads\/2025\/11\/affiches-5.pdf\" style=\"color: #ff0000;\"><strong>D\u00e9couvrez nos prestations de bien-\u00eatre<\/strong><\/a><\/span><\/li>\n<li><strong>Photographe sur demande<\/strong><\/li>\n<li><span><strong>Photocopie<\/strong> (mise \u00e0 disposition d&rsquo;une imprimante)<\/span><\/li>\n<li><strong>Repassage et nettoyage des v\u00eatements<\/strong> sur demande<span><\/span><\/li>\n<li>\n<div><strong>Services de conciergeries<\/strong><\/div>\n<\/li>\n<li>\n<div><strong><\/strong><\/div>\n<div><span><strong>Organisation de s\u00e9jours<\/strong> sur demande<\/span><\/div>\n<\/li>\n<li>\n<div><span><\/span><\/div>\n<div><strong>L<\/strong><span><strong>ocation de v\u00e9lo<\/strong> sur demande<\/span><\/div>\n<\/li>\n<li><strong>Bagagerie<\/strong><span><\/span><\/li>\n<li><span><span><strong>Accessibilit\u00e9 au bar<\/strong>\u00a0pour les personnes \u00e0 mobilit\u00e9 r\u00e9duite<\/span><\/span><\/li>\n<li><span><strong>Lits, chaises b\u00e9b\u00e9 ainsi que baby-sitting<\/strong> sur demande<\/span><\/li>\n<li><span><strong>N\u00e9cessaires de rasage, de couture et de cirage<\/strong> \u00e0 disposition \u00e0 la r\u00e9ception<\/span><\/li>\n<li><strong>Adaptateur universel<\/strong> pour prise secteur<\/li>\n<li><strong><span id=\"m_4002310844940962004gmail-docs-internal-guid-aae1d425-7fff-20ae-1719-5bcc4821e8a3\"><span>Wifi <\/span><\/span><\/strong><span id=\"m_4002310844940962004gmail-docs-internal-guid-aae1d425-7fff-20ae-1719-5bcc4821e8a3\">dans l\u2019enceinte du ch\u00e2teau<\/span><\/li>\n<li><strong>Cours de pilotage <\/strong>\u00e0 l\u2019a\u00e9rodrome de Nuits Saint-Georges, sur demande.<\/li>\n<li><strong><span>Un\u00a0minibus 9 places\u00a0<\/span><\/strong>est disponible pour assurer le service de navettes.<\/li>\n<li><strong><span>Mise \u00e0 disposition d\u2019un\u00a0terrain de p\u00e9tanque\u00a0et d\u2019un\u00a0jeu de boules.<\/span><\/strong><\/li>\n<\/ul>\n<p>[\/et_pb_text][\/et_pb_column][et_pb_column type=\u00a0\u00bb1_2&Prime; _builder_version=\u00a0\u00bb4.24.2&Prime; _module_preset=\u00a0\u00bbdefault\u00a0\u00bb global_colors_info=\u00a0\u00bb{}\u00a0\u00bb][et_pb_image src=\u00a0\u00bbhttps:\/\/chateaudelaberchere.fr\/wp-content\/uploads\/2024\/09\/IMG_2542-scaled.jpg\u00a0\u00bb title_text=\u00a0\u00bbIMG_2542&Prime; _builder_version=\u00a0\u00bb4.27.0&Prime; _module_preset=\u00a0\u00bbdefault\u00a0\u00bb global_colors_info=\u00a0\u00bb{}\u00a0\u00bb][\/et_pb_image][\/et_pb_column][\/et_pb_row][et_pb_row _builder_version=\u00a0\u00bb4.27.0&Prime; _module_preset=\u00a0\u00bbdefault\u00a0\u00bb width=\u00a0\u00bb32%\u00a0\u00bb global_colors_info=\u00a0\u00bb{}\u00a0\u00bb][et_pb_column type=\u00a0\u00bb4_4&Prime; _builder_version=\u00a0\u00bb4.27.0&Prime; _module_preset=\u00a0\u00bbdefault\u00a0\u00bb global_colors_info=\u00a0\u00bb{}\u00a0\u00bb][et_pb_audio audio=\u00a0\u00bbhttps:\/\/chateaudelaberchere.fr\/wp-content\/uploads\/2024\/10\/berchere-3-ok.mp3&Prime; title=\u00a0\u00bbatelier de sculpture propos\u00e9 \u00a0\u00bb artist_name=\u00a0\u00bbJAREK\u00a0\u00bb _builder_version=\u00a0\u00bb4.27.0&Prime; _module_preset=\u00a0\u00bbdefault\u00a0\u00bb global_colors_info=\u00a0\u00bb{}\u00a0\u00bb][\/et_pb_audio][\/et_pb_column][\/et_pb_row][\/et_pb_section]<\/p>\n","protected":false},"excerpt":{"rendered":"<p>Services Langues parl\u00e9es : Fran\u00e7ais, Anglais, Allemand Navettes ou taxis depuis l&rsquo;h\u00f4tel sur demande Parking s\u00e9curis\u00e9, garage, local \u00e0 v\u00e9lo D\u00e9couvrez nos prestations de bien-\u00eatre Photographe sur demande Photocopie (mise \u00e0 disposition d&rsquo;une imprimante) Repassage et nettoyage des v\u00eatements sur demande Services de conciergeries Organisation de s\u00e9jours sur demande Location de v\u00e9lo sur demande Bagagerie [&hellip;]<\/p>\n","protected":false},"author":2,"featured_media":893,"parent":0,"menu_order":0,"comment_status":"closed","ping_status":"closed","template":"","meta":{"_et_pb_use_builder":"on","_et_pb_old_content":"","_et_gb_content_width":"","footnotes":""},"class_list":["post-883","page","type-page","status-publish","has-post-thumbnail","hentry"],"yoast_head":"<!-- This site is optimized with the Yoast SEO plugin v27.3 - https:\/\/yoast.com\/product\/yoast-seo-wordpress\/ -->\n<title>Services - LA BERCHERE<\/title>\n<meta name=\"robots\" content=\"index, follow, max-snippet:-1, max-image-preview:large, max-video-preview:-1\" \/>\n<link rel=\"canonical\" href=\"https:\/\/chateaudelaberchere.fr\/en\/services\/\" \/>\n<meta property=\"og:locale\" content=\"en_GB\" \/>\n<meta property=\"og:type\" content=\"article\" \/>\n<meta property=\"og:title\" content=\"Services - LA BERCHERE\" \/>\n<meta property=\"og:description\" content=\"Services Langues parl\u00e9es : Fran\u00e7ais, Anglais, Allemand Navettes ou taxis depuis l&#039;h\u00f4tel sur demande Parking s\u00e9curis\u00e9, garage, local \u00e0 v\u00e9lo D\u00e9couvrez nos prestations de bien-\u00eatre Photographe sur demande Photocopie (mise \u00e0 disposition d&#039;une imprimante) Repassage et nettoyage des v\u00eatements sur demande Services de conciergeries Organisation de s\u00e9jours sur demande Location de v\u00e9lo sur demande Bagagerie [&hellip;]\" \/>\n<meta property=\"og:url\" content=\"https:\/\/chateaudelaberchere.fr\/en\/services\/\" \/>\n<meta property=\"og:site_name\" content=\"LA BERCHERE\" \/>\n<meta property=\"article:publisher\" content=\"https:\/\/www.facebook.com\/hotellaberchere.berchere\" \/>\n<meta property=\"article:modified_time\" content=\"2025-11-24T09:37:53+00:00\" \/>\n<meta property=\"og:image\" content=\"https:\/\/chateaudelaberchere.fr\/wp-content\/uploads\/2024\/09\/2378653lpw-2378722-article-horizontal-jpg_3143227_1250x625.jpg\" \/>\n\t<meta property=\"og:image:width\" content=\"1250\" \/>\n\t<meta property=\"og:image:height\" content=\"625\" \/>\n\t<meta property=\"og:image:type\" content=\"image\/jpeg\" \/>\n<meta name=\"twitter:card\" content=\"summary_large_image\" \/>\n<meta name=\"twitter:label1\" content=\"Estimated reading time\" \/>\n\t<meta name=\"twitter:data1\" content=\"1 minute\" \/>\n<script type=\"application\/ld+json\" class=\"yoast-schema-graph\">{\"@context\":\"https:\\\/\\\/schema.org\",\"@graph\":[{\"@type\":\"WebPage\",\"@id\":\"https:\\\/\\\/chateaudelaberchere.fr\\\/services\\\/\",\"url\":\"https:\\\/\\\/chateaudelaberchere.fr\\\/services\\\/\",\"name\":\"Services - LA BERCHERE\",\"isPartOf\":{\"@id\":\"https:\\\/\\\/chateaudelaberchere.fr\\\/#website\"},\"primaryImageOfPage\":{\"@id\":\"https:\\\/\\\/chateaudelaberchere.fr\\\/services\\\/#primaryimage\"},\"image\":{\"@id\":\"https:\\\/\\\/chateaudelaberchere.fr\\\/services\\\/#primaryimage\"},\"thumbnailUrl\":\"https:\\\/\\\/chateaudelaberchere.fr\\\/wp-content\\\/uploads\\\/2024\\\/09\\\/2378653lpw-2378722-article-horizontal-jpg_3143227_1250x625.jpg\",\"datePublished\":\"2024-09-30T09:21:55+00:00\",\"dateModified\":\"2025-11-24T09:37:53+00:00\",\"breadcrumb\":{\"@id\":\"https:\\\/\\\/chateaudelaberchere.fr\\\/services\\\/#breadcrumb\"},\"inLanguage\":\"en-GB\",\"potentialAction\":[{\"@type\":\"ReadAction\",\"target\":[\"https:\\\/\\\/chateaudelaberchere.fr\\\/services\\\/\"]}]},{\"@type\":\"ImageObject\",\"inLanguage\":\"en-GB\",\"@id\":\"https:\\\/\\\/chateaudelaberchere.fr\\\/services\\\/#primaryimage\",\"url\":\"https:\\\/\\\/chateaudelaberchere.fr\\\/wp-content\\\/uploads\\\/2024\\\/09\\\/2378653lpw-2378722-article-horizontal-jpg_3143227_1250x625.jpg\",\"contentUrl\":\"https:\\\/\\\/chateaudelaberchere.fr\\\/wp-content\\\/uploads\\\/2024\\\/09\\\/2378653lpw-2378722-article-horizontal-jpg_3143227_1250x625.jpg\",\"width\":1250,\"height\":625},{\"@type\":\"BreadcrumbList\",\"@id\":\"https:\\\/\\\/chateaudelaberchere.fr\\\/services\\\/#breadcrumb\",\"itemListElement\":[{\"@type\":\"ListItem\",\"position\":1,\"name\":\"Accueil\",\"item\":\"https:\\\/\\\/chateaudelaberchere.fr\\\/\"},{\"@type\":\"ListItem\",\"position\":2,\"name\":\"Services\"}]},{\"@type\":\"WebSite\",\"@id\":\"https:\\\/\\\/chateaudelaberchere.fr\\\/#website\",\"url\":\"https:\\\/\\\/chateaudelaberchere.fr\\\/\",\"name\":\"LA BERCHERE\",\"description\":\"\",\"publisher\":{\"@id\":\"https:\\\/\\\/chateaudelaberchere.fr\\\/#organization\"},\"potentialAction\":[{\"@type\":\"SearchAction\",\"target\":{\"@type\":\"EntryPoint\",\"urlTemplate\":\"https:\\\/\\\/chateaudelaberchere.fr\\\/?s={search_term_string}\"},\"query-input\":{\"@type\":\"PropertyValueSpecification\",\"valueRequired\":true,\"valueName\":\"search_term_string\"}}],\"inLanguage\":\"en-GB\"},{\"@type\":\"Organization\",\"@id\":\"https:\\\/\\\/chateaudelaberchere.fr\\\/#organization\",\"name\":\"CHATEAU DE LA BERCHERE\",\"url\":\"https:\\\/\\\/chateaudelaberchere.fr\\\/\",\"logo\":{\"@type\":\"ImageObject\",\"inLanguage\":\"en-GB\",\"@id\":\"https:\\\/\\\/chateaudelaberchere.fr\\\/#\\\/schema\\\/logo\\\/image\\\/\",\"url\":\"https:\\\/\\\/chateaudelaberchere.fr\\\/wp-content\\\/uploads\\\/2022\\\/05\\\/HB-logoFinal11.jpg\",\"contentUrl\":\"https:\\\/\\\/chateaudelaberchere.fr\\\/wp-content\\\/uploads\\\/2022\\\/05\\\/HB-logoFinal11.jpg\",\"width\":499,\"height\":353,\"caption\":\"CHATEAU DE LA BERCHERE\"},\"image\":{\"@id\":\"https:\\\/\\\/chateaudelaberchere.fr\\\/#\\\/schema\\\/logo\\\/image\\\/\"},\"sameAs\":[\"https:\\\/\\\/www.facebook.com\\\/hotellaberchere.berchere\"]}]}<\/script>\n<!-- \/ Yoast SEO plugin. -->","yoast_head_json":{"title":"Services - LA BERCHERE","robots":{"index":"index","follow":"follow","max-snippet":"max-snippet:-1","max-image-preview":"max-image-preview:large","max-video-preview":"max-video-preview:-1"},"canonical":"https:\/\/chateaudelaberchere.fr\/en\/services\/","og_locale":"en_GB","og_type":"article","og_title":"Services - LA BERCHERE","og_description":"Services Langues parl\u00e9es : Fran\u00e7ais, Anglais, Allemand Navettes ou taxis depuis l'h\u00f4tel sur demande Parking s\u00e9curis\u00e9, garage, local \u00e0 v\u00e9lo D\u00e9couvrez nos prestations de bien-\u00eatre Photographe sur demande Photocopie (mise \u00e0 disposition d'une imprimante) Repassage et nettoyage des v\u00eatements sur demande Services de conciergeries Organisation de s\u00e9jours sur demande Location de v\u00e9lo sur demande Bagagerie [&hellip;]","og_url":"https:\/\/chateaudelaberchere.fr\/en\/services\/","og_site_name":"LA BERCHERE","article_publisher":"https:\/\/www.facebook.com\/hotellaberchere.berchere","article_modified_time":"2025-11-24T09:37:53+00:00","og_image":[{"width":1250,"height":625,"url":"https:\/\/chateaudelaberchere.fr\/wp-content\/uploads\/2024\/09\/2378653lpw-2378722-article-horizontal-jpg_3143227_1250x625.jpg","type":"image\/jpeg"}],"twitter_card":"summary_large_image","twitter_misc":{"Estimated reading time":"1 minute"},"schema":{"@context":"https:\/\/schema.org","@graph":[{"@type":"WebPage","@id":"https:\/\/chateaudelaberchere.fr\/services\/","url":"https:\/\/chateaudelaberchere.fr\/services\/","name":"Services - LA BERCHERE","isPartOf":{"@id":"https:\/\/chateaudelaberchere.fr\/#website"},"primaryImageOfPage":{"@id":"https:\/\/chateaudelaberchere.fr\/services\/#primaryimage"},"image":{"@id":"https:\/\/chateaudelaberchere.fr\/services\/#primaryimage"},"thumbnailUrl":"https:\/\/chateaudelaberchere.fr\/wp-content\/uploads\/2024\/09\/2378653lpw-2378722-article-horizontal-jpg_3143227_1250x625.jpg","datePublished":"2024-09-30T09:21:55+00:00","dateModified":"2025-11-24T09:37:53+00:00","breadcrumb":{"@id":"https:\/\/chateaudelaberchere.fr\/services\/#breadcrumb"},"inLanguage":"en-GB","potentialAction":[{"@type":"ReadAction","target":["https:\/\/chateaudelaberchere.fr\/services\/"]}]},{"@type":"ImageObject","inLanguage":"en-GB","@id":"https:\/\/chateaudelaberchere.fr\/services\/#primaryimage","url":"https:\/\/chateaudelaberchere.fr\/wp-content\/uploads\/2024\/09\/2378653lpw-2378722-article-horizontal-jpg_3143227_1250x625.jpg","contentUrl":"https:\/\/chateaudelaberchere.fr\/wp-content\/uploads\/2024\/09\/2378653lpw-2378722-article-horizontal-jpg_3143227_1250x625.jpg","width":1250,"height":625},{"@type":"BreadcrumbList","@id":"https:\/\/chateaudelaberchere.fr\/services\/#breadcrumb","itemListElement":[{"@type":"ListItem","position":1,"name":"Accueil","item":"https:\/\/chateaudelaberchere.fr\/"},{"@type":"ListItem","position":2,"name":"Services"}]},{"@type":"WebSite","@id":"https:\/\/chateaudelaberchere.fr\/#website","url":"https:\/\/chateaudelaberchere.fr\/","name":"LA BERCHERE","description":"","publisher":{"@id":"https:\/\/chateaudelaberchere.fr\/#organization"},"potentialAction":[{"@type":"SearchAction","target":{"@type":"EntryPoint","urlTemplate":"https:\/\/chateaudelaberchere.fr\/?s={search_term_string}"},"query-input":{"@type":"PropertyValueSpecification","valueRequired":true,"valueName":"search_term_string"}}],"inLanguage":"en-GB"},{"@type":"Organization","@id":"https:\/\/chateaudelaberchere.fr\/#organization","name":"CHATEAU DE LA BERCHERE","url":"https:\/\/chateaudelaberchere.fr\/","logo":{"@type":"ImageObject","inLanguage":"en-GB","@id":"https:\/\/chateaudelaberchere.fr\/#\/schema\/logo\/image\/","url":"https:\/\/chateaudelaberchere.fr\/wp-content\/uploads\/2022\/05\/HB-logoFinal11.jpg","contentUrl":"https:\/\/chateaudelaberchere.fr\/wp-content\/uploads\/2022\/05\/HB-logoFinal11.jpg","width":499,"height":353,"caption":"CHATEAU DE LA BERCHERE"},"image":{"@id":"https:\/\/chateaudelaberchere.fr\/#\/schema\/logo\/image\/"},"sameAs":["https:\/\/www.facebook.com\/hotellaberchere.berchere"]}]}},"_links":{"self":[{"href":"https:\/\/chateaudelaberchere.fr\/en\/wp-json\/wp\/v2\/pages\/883","targetHints":{"allow":["GET"]}}],"collection":[{"href":"https:\/\/chateaudelaberchere.fr\/en\/wp-json\/wp\/v2\/pages"}],"about":[{"href":"https:\/\/chateaudelaberchere.fr\/en\/wp-json\/wp\/v2\/types\/page"}],"author":[{"embeddable":true,"href":"https:\/\/chateaudelaberchere.fr\/en\/wp-json\/wp\/v2\/users\/2"}],"replies":[{"embeddable":true,"href":"https:\/\/chateaudelaberchere.fr\/en\/wp-json\/wp\/v2\/comments?post=883"}],"version-history":[{"count":17,"href":"https:\/\/chateaudelaberchere.fr\/en\/wp-json\/wp\/v2\/pages\/883\/revisions"}],"predecessor-version":[{"id":1070,"href":"https:\/\/chateaudelaberchere.fr\/en\/wp-json\/wp\/v2\/pages\/883\/revisions\/1070"}],"wp:featuredmedia":[{"embeddable":true,"href":"https:\/\/chateaudelaberchere.fr\/en\/wp-json\/wp\/v2\/media\/893"}],"wp:attachment":[{"href":"https:\/\/chateaudelaberchere.fr\/en\/wp-json\/wp\/v2\/media?parent=883"}],"curies":[{"name":"wp","href":"https:\/\/api.w.org\/{rel}","templated":true}]}}